{"id":2052,"date":"2025-10-08T09:05:28","date_gmt":"2025-10-08T09:05:28","guid":{"rendered":"https:\/\/www.sufextrading.com\/?page_id=2052"},"modified":"2026-04-22T09:32:21","modified_gmt":"2026-04-22T09:32:21","slug":"about-us","status":"publish","type":"page","link":"https:\/\/www.sufextrading.com\/vi\/about-us\/","title":{"rendered":"V\u1ec1 Ch\u00fang t\u00f4i"},"content":{"rendered":"<div class=\"inner clearfix\">\n<section class=\"clearfix\">\n<div class=\"title_u about mb30\">\n<h3>V\u1ec1 Ch\u00fang t\u00f4i<\/h3>\n<\/div>\n<\/section>\n<section class=\"clearfix\">\n<div class=\"about_director\">\n<div class=\"about_h4\">\n<h4>Th\u01b0 ng\u1ecf<\/h4>\n<\/div>\n<div class=\"dir_flex\">\n<div class=\"left_info\">\n<div class=\"introduce\">\n<p>SUFEX TRADING \u0111\u01b0\u1ee3c th\u00e0nh l\u1eadp v\u00e0o n\u0103m 2012 v\u1edbi m\u1ee5c \u0111\u00edch cung c\u1ea5p c\u00e1c d\u1ecbch v\u1ee5 chuy\u00ean bi\u1ec7t nh\u1eb1m h\u1ed7 tr\u1ee3 doanh nghi\u1ec7p Nh\u1eadt B\u1ea3n \u0111\u1ea7u t\u01b0 v\u00e0 m\u1edf r\u1ed9ng ho\u1ea1t \u0111\u1ed9ng t\u1ea1i Vi\u1ec7t Nam. Kh\u1edfi \u0111\u1ea7u c\u1ee7a ch\u00fang t\u00f4i l\u00e0 d\u1ecbch v\u1ee5 m\u00f4i gi\u1edbi gi\u1edbi thi\u1ec7u \u0111\u1ea5t x\u00e2y d\u1ef1ng nh\u00e0 m\u00e1y v\u00e0 nh\u00e0 x\u01b0\u1edfng cho thu\u00ea trong c\u00e1c khu c\u00f4ng nghi\u1ec7p, v\u1edbi \u0111\u1ecbnh h\u01b0\u1edbng ph\u00e1t tri\u1ec3n chuy\u00ean m\u00f4n d\u1ef1a tr\u00ean kinh nghi\u1ec7m th\u1ef1c ti\u1ec5n.<\/p>\n<p>\nTuy nhi\u00ean, do ph\u1ea7n l\u1edbn c\u00e1c khu c\u00f4ng nghi\u1ec7p n\u1eb1m \u1edf khu v\u1ef1c ngo\u1ea1i \u00f4, n\u00ean s\u1ef1 b\u1ea5t ti\u1ec7n trong vi\u1ec7c di chuy\u1ec3n \u0111\u00e3 tr\u1edf th\u00e0nh m\u1ed9t th\u00e1ch th\u1ee9c l\u1edbn trong qu\u00e1 tr\u00ecnh tham quan v\u00e0 kh\u1ea3o s\u00e1t th\u1ef1c \u0111\u1ecba. \u0110\u1ec3 gi\u1ea3i quy\u1ebft v\u1ea5n \u0111\u1ec1 n\u00e0y, ch\u00fang t\u00f4i \u0111\u00e3 tri\u1ec3n khai d\u1ecbch v\u1ee5 cho thu\u00ea xe \u0111i k\u00e8m t\u00e0i x\u1ebf. \u0110\u1ed3ng th\u1eddi, nh\u1eb1m gi\u1ea3i quy\u1ebft vi\u1ec7c thi\u1ebfu th\u00f4ng tin v\u00e0 h\u01b0\u1edbng d\u1eabn trong c\u00e1c khu c\u00f4ng nghi\u1ec7p, ch\u00fang t\u00f4i c\u0169ng b\u1eaft \u0111\u1ea7u ph\u00e1t h\u00e0nh b\u1ea3n \u0111\u1ed3 khu c\u00f4ng nghi\u1ec7p \u0111\u1ed9c quy\u1ec1n c\u00f9ng v\u1edbi c\u00e1c n\u1ed9i dung gi\u1ea3i th\u00edch chi ti\u1ebft. \u0110i\u1ec1u n\u00e0y \u0111\u00e3 d\u1eabn \u0111\u1ebfn s\u1ef1 ra \u0111\u1eddi c\u1ee7a t\u1ea1p ch\u00ed Invest Asia chuy\u00ean n\u1ed9i dung v\u1ec1 c\u00e1c khu c\u00f4ng nghi\u1ec7p. Hi\u1ec7n t\u1ea1i, ho\u1ea1t \u0111\u1ed9ng kinh doanh c\u1ee7a ch\u00fang t\u00f4i t\u1eadp trung v\u00e0o ba l\u0129nh v\u1ef1c ch\u00ednh bao g\u1ed3m : l\u0129nh v\u1ef1c b\u1ea5t \u0111\u1ed9ng s\u1ea3n khu c\u00f4ng nghi\u1ec7p, l\u0129nh v\u1ef1c truy\u1ec1n th\u00f4ng v\u00e0 l\u0129nh v\u1ef1c cho thu\u00ea xe \u0111\u01b0a \u0111\u00f3n.<\/p>\n<p>\nTh\u1ebf m\u1ea1nh c\u1ee7a ch\u00fang t\u00f4i n\u1eb1m \u1edf vi\u1ec7c nhanh ch\u00f3ng n\u1eafm b\u1eaft nh\u1eefng bi\u1ebfn \u0111\u1ed9ng c\u1ee7a th\u1ecb tr\u01b0\u1eddng Vi\u1ec7t Nam, k\u1ebft h\u1ee3p v\u1edbi kinh nghi\u1ec7m th\u1ef1c t\u1ebf t\u1ea1i hi\u1ec7n tr\u01b0\u1eddng \u0111\u1ec3 \u0111\u01b0a ra c\u00e1c gi\u1ea3i ph\u00e1p thi\u1ebft th\u1ef1c, t\u1eeb \u0111\u00f3 kh\u00f4ng ng\u1eebng ph\u00e1t tri\u1ec3n v\u00e0 m\u1edf r\u1ed9ng ho\u1ea1t \u0111\u1ed9ng kinh doanh. V\u1edbi ngu\u1ed3n th\u00f4ng tin \u0111a d\u1ea1ng v\u1ec1 c\u00e1c khu c\u00f4ng nghi\u1ec7p c\u00f9ng kh\u1ea3 n\u0103ng \u0111\u1ed1i \u1ee9ng linh ho\u1ea1t, ch\u00fang t\u00f4i s\u1ebd ti\u1ebfp t\u1ee5c mang \u0111\u1ebfn nh\u1eefng d\u1ecbch v\u1ee5 hi\u1ec7u qu\u1ea3 v\u00e0 th\u00f4ng tin c\u00f3 gi\u00e1 tr\u1ecb d\u00e0nh cho c\u00e1c doanh nghi\u1ec7p Nh\u1eadt B\u1ea3n ph\u00e1t tri\u1ec3n kinh doanh t\u1ea1i Vi\u1ec7t Nam.<\/p>\n<\/div>\n<div class=\"text_right pc\">\n<p>T\u1ed5ng Gi\u00e1m \u0111\u1ed1c Akira Miyamoto<\/p>\n<\/div>\n<\/div>\n<div class=\"right_info\">\n<p><img decoding=\"async\" src=\"https:\/\/www.sufextrading.com\/wp-content\/themes\/sufext\/images\/about_img01.jpg\" alt=\"T\u1ed5ng Gi\u00e1m \u0111\u1ed1c Akira Miyamoto\"><\/p>\n<div class=\"text_right sp\">\n<p>T\u1ed5ng Gi\u00e1m \u0111\u1ed1c Akira Miyamoto<\/p>\n<\/div>\n<\/div>\n<\/div>\n<\/div>\n<\/section>\n<section class=\"clearfix\">\n<div class=\"about_history\">\n<div class=\"about_h4\">\n<h4>Gi\u1edbi thi\u1ec7u c\u00f4ng ty<\/h4>\n<\/div>\n<div class=\"history_list\">\n<div class=\"history_row\">\n<dl>\n<dt>T\u00ean c\u00f4ng ty<\/dt>\n<dd>SUFEX TRADING CO., LTD.<\/dd>\n<\/dl>\n<dl>\n<dt>\u0110\u1ecba ch\u1ec9<\/dt>\n<dd>\n<div class=\"history_info\">\n<p>Tr\u1ee5 s\u1edf ch\u00ednh H\u1ed3 Ch\u00ed Minh<br \/>T\u1ea7ng 6, T\u00f2a Vista, S\u1ed1 17 \u0111\u01b0\u1eddng n\u1ed9i b\u1ed9 D2, Khu S\u00e0i G\u00f2n Pearl, 92 Nguy\u1ec5n H\u1eefu C\u1ea3nh, <br class=\"pc\">Ph\u01b0\u1eddng Th\u1ea1nh M\u1ef9 T\u00e2y, TP H\u1ed3 Ch\u00ed Minh<br \/>Tel: +84 (0) 28-3911-7771<\/p>\n<p>V\u0103n ph\u00f2ng H\u00e0 N\u1ed9i<br \/>T\u1ea7ng 26 Th\u00e1p T\u00e2y, T\u00f2a nh\u00e0 Lotte Center H\u00e0 N\u1ed9i, Ph\u01b0\u1eddng Gi\u1ea3ng V\u00f5, TP H\u00e0 N\u1ed9i<br \/>Tel: +84 (0) 24-3555-0015<\/p>\n<\/div>\n<\/dd>\n<\/dl>\n<dl>\n<dt>Th\u00e0nh l\u1eadp<\/dt>\n<dd>Th\u00e1ng 4 n\u0103m 2012<\/dd>\n<\/dl>\n<dl>\n<dt>S\u1ed1 l\u01b0\u1ee3ng nh\u00e2n vi\u00ean<\/dt>\n<dd>Kho\u1ea3ng 40 ng\u01b0\u1eddi (Bao g\u1ed3m 7 ng\u01b0\u1eddi Nh\u1eadt)<\/dd>\n<\/dl>\n<dl>\n<dt>L\u0129nh v\u1ef1c ho\u1ea1t \u0111\u1ed9ng<\/dt>\n<dd>\n<div class=\"history_info\">\n<p>1. D\u1ecbch v\u1ee5 b\u1ea5t \u0111\u1ed9ng s\u1ea3n c\u00f4ng nghi\u1ec7p<br \/>D\u1ecbch v\u1ee5 m\u00f4i gi\u1edbi khu c\u00f4ng nghi\u1ec7p v\u00e0 nh\u00e0 x\u01b0\u1edfng, kho b\u00e3i cho thu\u00ea tr\u00ean to\u00e0n b\u1ed9 l\u00e3nh th\u1ed5 Vi\u1ec7t Nam<br \/>D\u1ecbch v\u1ee5 kh\u1ea3o  (nghi\u00ean c\u1ee9u th\u1ecb tr\u01b0\u1eddng c\u1ee5 th\u1ec3 nh\u01b0 khu c\u00f4ng nghi\u1ec7p, h\u1ed7 tr\u1ee3 th\u1ea9m \u0111\u1ecbnh, v.v.)<\/p>\n<p>2. D\u1ecbch v\u1ee5 truy\u1ec1n th\u00f4ng (Media)<br \/>Xu\u1ea5t b\u1ea3n \u201cINVEST ASIA\u201d \u2013 t\u1ea1p ch\u00ed chuy\u00ean ng\u00e0nh v\u1ec1 khu c\u00f4ng nghi\u1ec7p t\u1ea1i Vi\u1ec7t Nam<br \/>T\u1ed5 ch\u1ee9c c\u00e1c bu\u1ed5i h\u1ed9i th\u1ea3o x\u00fac ti\u1ebfn \u0111\u1ea7u t\u01b0<br \/>S\u1ea3n xu\u1ea5t n\u1ed9i dung cho doanh nghi\u1ec7p (email newsletter, s\u1ea3n xu\u1ea5t n\u1ed9i dung s\u1ed1, v.v.)<\/p>\n<p>3. D\u1ecbch v\u1ee5 cho thu\u00ea xe (k\u00e8m t\u00e0i x\u1ebf)<br \/>D\u1ecbch v\u1ee5 xe \u0111\u01b0a \u0111\u00f3n theo th\u00e1ng d\u00e0nh cho doanh nghi\u1ec7p<br \/>D\u1ecbch v\u1ee5 theo chuy\u1ebfn d\u00e0nh cho kh\u00e1ch c\u00f4ng t\u00e1c ng\u1eafn h\u1ea1n<\/p>\n<\/div>\n<\/dd>\n<\/dl>\n<dl>\n<dt>C\u00f4ng ty <br class=\"pc\">li\u00ean k\u1ebft<\/dt>\n<dd>M2 GROW PARTNERS COMPANY LIMITED <\/dd>\n<\/dl>\n<\/div>\n<\/div>\n<\/div>\n<\/section>\n<section class=\"clearfix\">\n<div class=\"about_branch_list\">\n<div class=\"branch_col\">\n<div class=\"branch_ttl\">\n<p>Tr\u1ee5 s\u1edf ch\u00ednh H\u1ed3 Ch\u00ed Minh<\/p>\n<\/div>\n<div class=\"branch_map\">\n<p><iframe src=\"https:\/\/www.google.com\/maps\/embed?pb=!1m18!1m12!1m3!1d4649.032255109909!2d106.71592237570339!3d10.790469058933173!2m3!1f0!2f0!3f0!3m2!1i1024!2i768!4f13.1!3m3!1m2!1s0x3175297c9e95987d%3A0xe06ebd755f2e75bc!2sSufex%20Trading%20Co.%2C%20Ltd.!5e1!3m2!1svi!2s!4v1753171781376!5m2!1svi!2s\" width=\"600\" height=\"450\" style=\"border:0;\" allowfullscreen=\"\" loading=\"lazy\" referrerpolicy=\"no-referrer-when-downgrade\"><\/iframe><\/p>\n<\/div>\n<div class=\"branch_city inhcm\">\n<p>Ho Chi Minh City<\/p>\n<\/div>\n<\/div>\n<div class=\"branch_col\">\n<div class=\"branch_ttl\">\n<p>V\u0103n ph\u00f2ng H\u00e0 N\u1ed9i<\/p>\n<\/div>\n<div class=\"branch_map\">\n<p><iframe src=\"https:\/\/www.google.com\/maps\/embed?pb=!1m18!1m12!1m3!1d4417.424625266348!2d105.81201368391783!3d21.0318904728159!2m3!1f0!2f0!3f0!3m2!1i1024!2i768!4f13.1!3m3!1m2!1s0x3135ab6c9239d68d%3A0x9b47e5e7dcf5d4cf!2zTG90dGUgQ2VudGVyIEjDoE7hu5lpLCBOZ-G7jWMgS2jDoW5oLCBCYSDEkMOsbmgsIEjDoCBO4buZaSwgVmnhu4d0IE5hbQ!5e1!3m2!1svi!2s!4v1753171915589!5m2!1svi!2s\" width=\"600\" height=\"450\" style=\"border:0;\" allowfullscreen=\"\" loading=\"lazy\" referrerpolicy=\"no-referrer-when-downgrade\"><\/iframe><\/p>\n<\/div>\n<div class=\"branch_city inhn\">\n<p>Ha Noi<\/p>\n<\/div>\n<\/div>\n<\/div>\n<\/section>\n<\/div>\n","protected":false},"excerpt":{"rendered":"<p>V\u1ec1 Ch\u00fang t\u00f4i Th\u01b0 ng\u1ecf SUFEX TRADING \u0111\u01b0\u1ee3c th\u00e0nh l\u1eadp v\u00e0o n\u0103m 2012 v\u1edbi m\u1ee5c \u0111\u00edch cung c\u1ea5p c\u00e1c d\u1ecbch v\u1ee5 chuy\u00ean bi\u1ec7t nh\u1eb1m h\u1ed7 tr\u1ee3 doanh nghi\u1ec7p Nh\u1eadt B\u1ea3n \u0111\u1ea7u t\u01b0 v\u00e0 m\u1edf r\u1ed9ng ho\u1ea1t \u0111\u1ed9ng t\u1ea1i Vi\u1ec7t Nam. Kh\u1edfi \u0111\u1ea7u c\u1ee7a ch\u00fang t\u00f4i l\u00e0 d\u1ecbch v\u1ee5 m\u00f4i gi\u1edbi gi\u1edbi thi\u1ec7u \u0111\u1ea5t x\u00e2y d\u1ef1ng [&hellip;]<\/p>\n","protected":false},"author":2,"featured_media":0,"parent":0,"menu_order":0,"comment_status":"closed","ping_status":"closed","template":"","meta":{"_acf_changed":false,"_locale":"vi","_original_post":"https:\/\/www.sufextrading.com\/?page_id=1968","footnotes":""},"class_list":["post-2052","page","type-page","status-publish","hentry","vi"],"acf":[],"aioseo_notices":[],"_links":{"self":[{"href":"https:\/\/www.sufextrading.com\/wp-json\/wp\/v2\/pages\/2052","targetHints":{"allow":["GET"]}}],"collection":[{"href":"https:\/\/www.sufextrading.com\/wp-json\/wp\/v2\/pages"}],"about":[{"href":"https:\/\/www.sufextrading.com\/wp-json\/wp\/v2\/types\/page"}],"author":[{"embeddable":true,"href":"https:\/\/www.sufextrading.com\/wp-json\/wp\/v2\/users\/2"}],"replies":[{"embeddable":true,"href":"https:\/\/www.sufextrading.com\/wp-json\/wp\/v2\/comments?post=2052"}],"version-history":[{"count":12,"href":"https:\/\/www.sufextrading.com\/wp-json\/wp\/v2\/pages\/2052\/revisions"}],"predecessor-version":[{"id":2421,"href":"https:\/\/www.sufextrading.com\/wp-json\/wp\/v2\/pages\/2052\/revisions\/2421"}],"wp:attachment":[{"href":"https:\/\/www.sufextrading.com\/wp-json\/wp\/v2\/media?parent=2052"}],"curies":[{"name":"wp","href":"https:\/\/api.w.org\/{rel}","templated":true}]}}