{"id":2067,"date":"2025-10-08T09:36:09","date_gmt":"2025-10-08T09:36:09","guid":{"rendered":"https:\/\/www.sufextrading.com\/?page_id=2067"},"modified":"2026-04-24T03:34:33","modified_gmt":"2026-04-24T03:34:33","slug":"industrial-park","status":"publish","type":"page","link":"https:\/\/www.sufextrading.com\/vi\/industrial-park\/","title":{"rendered":"D\u1ecbch v\u1ee5 T\u01b0 v\u1ea5n Khu C\u00f4ng nghi\u1ec7p"},"content":{"rendered":"<div class=\"inner clearfix\">\n<section class=\"clearfix\">\n<div class=\"title_u industrial mb30\">\n<h3>D\u1ecbch v\u1ee5 T\u01b0 v\u1ea5n Khu C\u00f4ng nghi\u1ec7p<\/h3>\n<\/div>\n<\/section>\n<div class=\"u_inner clearfix\">\n<div class=\"industrial_flex\">\n<div class=\"industrial_left\">\n<div class=\"clearfix mb50\">\n<div class=\"industrial_h4\">\n<h4>Kh\u00e1m ph\u00e1 ngay c\u00e1c Khu c\u00f4ng nghi\u1ec7p, Nh\u00e0 x\u01b0\u1edfng x\u00e2y s\u1eb5n v\u00e0 Kho cho thu\u00ea ph\u00f9 h\u1ee3p nh\u1ea5t \u0111\u1ec3 m\u1edf r\u1ed9ng ho\u1ea1t \u0111\u1ed9ng kinh doanh t\u1ea1i Vi\u1ec7t Nam<\/h4>\n<\/div>\n<div class=\"industrial_desc\">\n<p>T\u1ea1i SUFEX, ch\u00fang t\u00f4i h\u1ed7 tr\u1ee3 c\u00e1c doanh nghi\u1ec7p s\u1ea3n xu\u1ea5t \u0111ang c\u00e2n nh\u1eafc m\u1edf r\u1ed9ng v\u00e0o th\u1ecb tr\u01b0\u1eddng Vi\u1ec7t Nam c\u0169ng nh\u01b0 c\u00e1c doanh nghi\u1ec7p \u0111\u00e3 ho\u1ea1t \u0111\u1ed9ng t\u1ea1i \u0111\u00e2y th\u00f4ng qua d\u1ecbch v\u1ee5 t\u01b0 v\u1ea5n l\u1ef1a ch\u1ecdn khu c\u00f4ng nghi\u1ec7p v\u00e0 gi\u1edbi thi\u1ec7u nh\u00e0 x\u01b0\u1edfng, kho b\u00e3i cho thu\u00ea ph\u00f9 h\u1ee3p.<\/p>\n<p>T\u1eeb x\u00e2y d\u1ef1ng m\u1edbi, m\u1edf r\u1ed9ng \u0111\u1ebfn di d\u1eddi nh\u00e0 m\u00e1y, SUFEX lu\u00f4n s\u1eb5n s\u00e0ng \u0111\u1ed3ng h\u00e0nh c\u00f9ng qu\u00fd kh\u00e1ch ngay t\u1eeb nh\u1eefng b\u01b0\u1edbc \u0111\u1ea7u ti\u00ean trong qu\u00e1 tr\u00ecnh t\u00ecm ki\u1ebfm \u0111\u1ecba \u0111i\u1ec3m ph\u00f9 h\u1ee3p.<\/p>\n<p>\u0110\u1ed9i ng\u0169 nh\u00e2n s\u1ef1 am hi\u1ec3u th\u1ecb tr\u01b0\u1eddng \u0111\u1ecba ph\u01b0\u01a1ng c\u1ee7a ch\u00fang t\u00f4i s\u1ebd \u0111\u1ec1 xu\u1ea5t c\u00e1c ph\u01b0\u01a1ng \u00e1n t\u1ed1i \u01b0u, ph\u00f9 h\u1ee3p nh\u1ea5t v\u1edbi nhu c\u1ea7u c\u1ee7a qu\u00fd doanh nghi\u1ec7p.<\/p>\n<\/div>\n<\/div>\n<div class=\"clearfix mb50\">\n<div class=\"industrial_frame\">\n<p>Ph\u1ea1m vi d\u1ecbch v\u1ee5 &amp; <br class=\"sp\" \/>Danh m\u1ee5c b\u1ea5t \u0111\u1ed9ng s\u1ea3n<\/p>\n<\/div>\n<div class=\"list_dot ml50\">\n<ul>\n<li class=\"bold\">C\u00e1c khu c\u00f4ng nghi\u1ec7p v\u00e0 c\u1ee5m c\u00f4ng nghi\u1ec7p tr\u00ean to\u00e0n Vi\u1ec7t Nam<\/li>\n<\/ul>\n<p>Mi\u1ec1n B\u1eafc: Khu v\u1ef1c H\u00e0 N\u1ed9i \u2013 H\u1ea3i Ph\u00f2ng<br \/>\nMi\u1ec1n Nam: Khu v\u1ef1c TP. H\u1ed3 Ch\u00ed Minh<br \/>\nMi\u1ec1n Trung: Khu v\u1ef1c \u0110\u00e0 N\u1eb5ng<\/p>\n<ul>\n<li class=\"bold\">C\u00e1c l\u00f4 \u0111\u1ea5t trong Khu C\u00f4ng Nghi\u1ec7p<\/li>\n<li class=\"bold\">Nh\u00e0 x\u01b0\u1edfng x\u00e2y s\u1eb5n cho thu\u00ea<\/li>\n<li class=\"bold\">Kho x\u00e2y s\u1eb5n cho thu\u00ea<\/li>\n<li><span class=\"bold\">B\u1ea5t \u0111\u1ed9ng s\u1ea3n chuy\u1ec3n nh\u01b0\u1ee3ng <\/span>(Ch\u00fang t\u00f4i h\u1ed7 tr\u1ee3 doanh nghi\u1ec7p trong vi\u1ec7c sang nh\u01b0\u1ee3ng \u0111\u1ea5t v\u00e0 nh\u00e0 x\u01b0\u1edfng khi c\u00f3 nhu c\u1ea7u r\u00fat lui ho\u1eb7c di d\u1eddi ho\u1ea1t \u0111\u1ed9ng.)<\/li>\n<\/ul>\n<\/div>\n<\/div>\n<div class=\"clearfix mb50\">\n<div class=\"industrial_frame\">\n<p>\u0110\u1eb7c \u0111i\u1ec3m d\u1ecbch v\u1ee5<\/p>\n<\/div>\n<div class=\"clearfix\">\n<div class=\"industrial_ft\">\n<div class=\"row\">\n<div class=\"if_ttl\">\n<p>1.T\u01b0 v\u1ea5n, gi\u1edbi thi\u1ec7u v\u00e0 kh\u1ea3o s\u00e1t th\u1ef1c t\u1ebf \u0111\u1ec1u ho\u00e0n to\u00e0n mi\u1ec5n ph\u00ed.<\/p>\n<\/div>\n<div class=\"if_desc\">\n<p data-start=\"0\" data-end=\"159\">T\u1ea1i SUFEX, ch\u00fang t\u00f4i cung c\u1ea5p d\u1ecbch v\u1ee5 t\u01b0 v\u1ea5n, gi\u1edbi thi\u1ec7u b\u1ea5t \u0111\u1ed9ng s\u1ea3n v\u00e0 h\u1ed7 tr\u1ee3 kh\u1ea3o s\u00e1t mi\u1ec5n ph\u00ed \u0111\u1ed1i v\u1edbi c\u00e1c khu c\u00f4ng nghi\u1ec7p, nh\u00e0 x\u01b0\u1edfng cho thu\u00ea v\u00e0 kho b\u00e3i.<\/p>\n<p data-start=\"161\" data-end=\"352\">Ch\u00fang t\u00f4i \u00e1p d\u1ee5ng m\u00f4 h\u00ecnh ch\u1ec9 nh\u1eadn hoa h\u1ed3ng t\u1eeb ch\u1ee7 \u0111\u1ea7u t\u01b0 sau khi giao d\u1ecbch \u0111\u01b0\u1ee3c th\u1ef1c hi\u1ec7n th\u00e0nh c\u00f4ng, do \u0111\u00f3 kh\u00e1ch h\u00e0ng kh\u00f4ng ph\u1ea3i ch\u1ecbu b\u1ea5t k\u1ef3 ph\u00ed gi\u1edbi thi\u1ec7u hay chi ph\u00ed ph\u00e1t sinh n\u00e0o kh\u00e1c.<\/p>\n<p data-start=\"354\" data-end=\"510\">Ch\u00fang t\u00f4i c\u0169ng kh\u00f4ng c\u1ed9ng th\u00eam b\u1ea5t k\u1ef3 kho\u1ea3n ph\u00ed hay hoa h\u1ed3ng n\u00e0o v\u00e0o gi\u00e1 b\u00e1n ho\u1eb7c gi\u00e1 thu\u00ea, v\u00ec v\u1eady qu\u00fd kh\u00e1ch c\u00f3 th\u1ec3 y\u00ean t\u00e2m s\u1eed d\u1ee5ng d\u1ecbch v\u1ee5 c\u1ee7a ch\u00fang t\u00f4i.<\/p>\n<p data-start=\"512\" data-end=\"732\" data-is-last-node=\"\" data-is-only-node=\"\">\u203bL\u01b0u \u00fd: \u0110\u1ed1i v\u1edbi giao d\u1ecbch mua b\u00e1n b\u1ea5t \u0111\u1ed9ng s\u1ea3n th\u1ee9 c\u1ea5p ho\u1eb7c chuy\u1ec3n nh\u01b0\u1ee3ng, c\u00f3 th\u1ec3 \u00e1p d\u1ee5ng ph\u00ed d\u1ecbch v\u1ee5 v\u00e0 s\u1ebd \u0111\u01b0\u1ee3c th\u00f4ng b\u00e1o tr\u01b0\u1edbc.<br data-start=\"641\" data-end=\"644\" \/>\u203bL\u01b0u \u00fd: T\u00f9y theo l\u1ecbch kh\u1ea3o s\u00e1t, kh\u00e1ch h\u00e0ng c\u00f3 th\u1ec3 c\u1ea7n thanh to\u00e1n chi ph\u00ed \u0111i l\u1ea1i th\u1ef1c t\u1ebf.<\/p>\n<\/div>\n<\/div>\n<div class=\"row\">\n<div class=\"if_ttl\">\n<p>2. Ch\u00fang t\u00f4i cung c\u1ea5p danh s\u00e1ch \u0111\u1ea7y \u0111\u1ee7 c\u00e1c khu c\u00f4ng nghi\u1ec7p, nh\u00e0 x\u01b0\u1edfng v\u00e0 kho b\u00e3i cho thu\u00ea \u0111\u01b0\u1ee3c ch\u1ecdn l\u1ecdc ph\u00f9 h\u1ee3p v\u1edbi y\u00eau c\u1ea7u c\u1ee7a kh\u00e1ch h\u00e0ng<\/p>\n<\/div>\n<div class=\"if_desc\">\n<p data-start=\"336\" data-end=\"555\">Kh\u00e1c v\u1edbi nhi\u1ec1u \u0111\u01a1n v\u1ecb ch\u1ec9 cung c\u1ea5p d\u1ecbch v\u1ee5 gi\u1edbi thi\u1ec7u b\u1ea5t \u0111\u1ed9ng s\u1ea3n nh\u01b0 m\u1ed9t m\u1ea3ng ph\u1ee5, SUFEX l\u00e0 \u0111\u01a1n v\u1ecb chuy\u00ean s\u00e2u trong l\u0129nh v\u1ef1c m\u00f4i gi\u1edbi \u0111\u1ea5t khu c\u00f4ng nghi\u1ec7p v\u00e0 nh\u00e0 x\u01b0\u1edfng cho thu\u00ea. \u0110\u00e2y l\u00e0 th\u1ebf m\u1ea1nh c\u1ed1t l\u00f5i c\u1ee7a ch\u00fang t\u00f4i.<\/p>\n<p data-start=\"557\" data-end=\"763\">Ch\u00fang t\u00f4i kh\u00f4ng ch\u1ec9 gi\u1edbi h\u1ea1n \u1edf m\u1ed9t v\u00e0i l\u1ef1a ch\u1ecdn c\u00f3 s\u1eb5n, m\u00e0 cung c\u1ea5p danh s\u00e1ch \u0111a d\u1ea1ng c\u00e1c b\u1ea5t \u0111\u1ed9ng s\u1ea3n ph\u00f9 h\u1ee3p v\u1edbi nhu c\u1ea7u c\u1ee7a nh\u00e0 \u0111\u1ea7u t\u01b0, d\u1ef1a tr\u00ean di\u1ec5n bi\u1ebfn th\u1ecb tr\u01b0\u1eddng m\u1edbi nh\u1ea5t v\u00e0 c\u00e1c ph\u00e2n t\u00edch kh\u00e1ch quan.<\/p>\n<\/div>\n<\/div>\n<div class=\"row\">\n<div class=\"if_ttl\">\n<p>3. L\u1ef1a ch\u1ecdn phong ph\u00fa, to\u00e0n di\u1ec7n, kh\u00e1ch quan v\u00e0 ph\u00f9 h\u1ee3p nhu c\u1ea7u c\u1ee7a b\u1ea1n<\/p>\n<\/div>\n<div class=\"if_desc\">\n<p>SUFEX l\u00e0 doanh nghi\u1ec7p chuy\u00ean nghi\u1ec7p trong l\u0129nh v\u1ef1c gi\u1edbi thi\u1ec7u \u0111\u1ea5t khu c\u00f4ng nghi\u1ec7p v\u00e0 nh\u00e0 x\u01b0\u1edfng cho thu\u00ea. Thay v\u00ec ch\u1ec9 gi\u1edbi thi\u1ec7u m\u1ed9t d\u1ef1 \u00e1n c\u1ee5 th\u1ec3, ch\u00fang t\u00f4i l\u1eadp danh s\u00e1ch to\u00e0n di\u1ec7n d\u1ef1a tr\u00ean xu h\u01b0\u1edbng th\u1ecb tr\u01b0\u1eddng m\u1edbi nh\u1ea5t, cung c\u1ea5p nhi\u1ec1u l\u1ef1a ch\u1ecdn ph\u00f9 h\u1ee3p v\u1edbi nhu c\u1ea7u c\u1ee7a kh\u00e1ch h\u00e0ng.<\/p>\n<\/div>\n<\/div>\n<div class=\"row\">\n<div class=\"if_ttl\">\n<p>4. H\u1ed7 tr\u1ee3 t\u01b0 v\u1ea5n to\u00e0n di\u1ec7n xuy\u00ean su\u1ed1t to\u00e0n b\u1ed9 qu\u00e1 tr\u00ecnh \u0111\u1ea7u t\u01b0<\/p>\n<\/div>\n<div class=\"if_desc\">\n<p>SUFEX kh\u00f4ng ch\u1ec9 gi\u1edbi thi\u1ec7u b\u1ea5t \u0111\u1ed9ng s\u1ea3n, ch\u00fang t\u00f4i \u0111\u1ed3ng h\u00e0nh to\u00e0n di\u1ec7n c\u00f9ng doanh nghi\u1ec7p Nh\u1eadt B\u1ea3n trong qu\u00e1 tr\u00ecnh \u0111\u1ea7u t\u01b0 v\u00e0 m\u1edf r\u1ed9ng t\u1ea1i Vi\u1ec7t Nam. T\u1eeb quy\u1ebft \u0111\u1ecbnh \u0111\u1ea7u t\u01b0, th\u1ee7 t\u1ee5c c\u1ea5p ph\u00e9p \u0111\u1ebfn khi nh\u00e0 m\u00e1y ho\u00e0n th\u00e0nh v\u00e0 b\u00e0n giao, SUFEX mang \u0111\u1ebfn th\u00f4ng tin thi\u1ebft y\u1ebfu v\u00e0 to\u00e0n di\u1ec7n cho t\u1eebng giai \u0111o\u1ea1n, gi\u00fap doanh nghi\u1ec7p c\u00f3 \u0111\u01b0\u1ee3c kh\u1edfi \u0111\u1ea7u thu\u1eadn l\u1ee3i v\u00e0 v\u1eefng ch\u1eafc t\u1ea1i Vi\u1ec7t Nam.<\/p>\n<\/div>\n<\/div>\n<\/div>\n<\/div>\n<\/div>\n<div class=\"clearfix mb50\">\n<div class=\"industrial_frame\">\n<p>Quy tr\u00ecnh s\u1eed d\u1ee5ng d\u1ecbch v\u1ee5 <br class=\"sp\" \/>(\u0111\u1ebfn khi kh\u1ea3o s\u00e1t th\u1ef1c t\u1ebf)<\/p>\n<\/div>\n<div class=\"industrial_desc\">\n<p>D\u01b0\u1edbi \u0111\u00e2y l\u00e0 c\u00e1c b\u01b0\u1edbc c\u01a1 b\u1ea3n gi\u00fap doanh nghi\u1ec7p l\u1ef1a ch\u1ecdn khu c\u00f4ng nghi\u1ec7p ho\u1eb7c nh\u00e0 x\u01b0\u1edfng cho thu\u00ea ph\u00f9 h\u1ee3p t\u1ea1i Vi\u1ec7t Nam. T\u1eeb t\u01b0 v\u1ea5n ban \u0111\u1ea7u \u0111\u1ebfn h\u1ed7 tr\u1ee3 sau khi \u0111i kh\u1ea3o s\u00e1t, SUFEX s\u1ebd \u0111\u1ed3ng h\u00e0nh v\u00e0 h\u1ed7 tr\u1ee3 to\u00e0n di\u1ec7n trong su\u1ed1t qu\u00e1 tr\u00ecnh.<\/p>\n<\/div>\n<div class=\"industrial_ft02\">\n<div class=\"row02\">\n<div class=\"if_ttl02\">\n<p>1. Trao \u0111\u1ed5i tr\u1ef1c\u00a0 ho\u1eb7c tr\u1ef1c ti\u1ebfp<\/p>\n<\/div>\n<div class=\"if_desc02\">\n<p>\u1ede b\u01b0\u1edbc n\u00e0y, ch\u00fang t\u00f4i s\u1ebd l\u1eafng nghe v\u00e0 ti\u1ebfp nh\u1eadn chi ti\u1ebft nhu c\u1ea7u c\u1ee7a qu\u00fd kh\u00e1ch, t\u1eeb v\u1ecb tr\u00ed, m\u1ee5c \u0111\u00edch s\u1eed d\u1ee5ng \u0111\u1ebfn ng\u00e2n s\u00e1ch, nh\u1eb1m n\u1eafm r\u00f5 y\u00eau c\u1ea7u m\u1ed9t c\u00e1ch ch\u00ednh x\u00e1c..<\/p>\n<\/div>\n<\/div>\n<div class=\"row02\">\n<div class=\"if_ttl02\">\n<p>2. \u0110\u1ec1 xu\u1ea5t danh s\u00e1ch c\u00e1c b\u1ea5t \u0111\u1ed9ng s\u1ea3n ti\u1ec1m n\u0103ng<\/p>\n<\/div>\n<div class=\"if_desc02\">\n<p>D\u1ef1a tr\u00ean c\u00e1c y\u00eau c\u1ea7u c\u1ee7a qu\u00fd kh\u00e1ch v\u00e0 t\u00ecnh tr\u1ea1ng s\u1eb5n c\u00f3 c\u1ee7a b\u1ea5t \u0111\u1ed9ng s\u1ea3n hi\u1ec7n t\u1ea1i, ch\u00fang t\u00f4i s\u1ebd \u0111\u1ec1 xu\u1ea5t danh s\u00e1ch c\u00e1c l\u1ef1a ch\u1ecdn ph\u00f9 h\u1ee3p.<\/p>\n<\/div>\n<\/div>\n<div class=\"row02\">\n<div class=\"if_ttl02\">\n<p>3. S\u1eafp x\u1ebfp l\u1ecbch kh\u1ea3o s\u00e1t<\/p>\n<\/div>\n<div class=\"if_desc02\">\n<p>D\u1ef1a tr\u00ean ng\u00e0y mong mu\u1ed1n v\u00e0 th\u1ee9 t\u1ef1 \u01b0u ti\u00ean c\u1ee7a qu\u00fd kh\u00e1ch, ch\u00fang t\u00f4i s\u1ebd \u0111\u1ec1 xu\u1ea5t l\u1ed9 tr\u00ecnh kh\u1ea3o s\u00e1t t\u1ed1i \u01b0u v\u00e0 hi\u1ec7u qu\u1ea3.<\/p>\n<\/div>\n<\/div>\n<div class=\"row02\">\n<div class=\"if_ttl02\">\n<p>4. \u0110i\u1ec1u ph\u1ed1i c\u00e1c cu\u1ed9c h\u1eb9n kh\u1ea3o s\u00e1t<\/p>\n<\/div>\n<div class=\"if_desc02\">\n<p>Ch\u00fang t\u00f4i tr\u1ef1c ti\u1ebfp li\u00ean h\u1ec7 v\u1edbi c\u00e1c khu c\u00f4ng nghi\u1ec7p \u0111\u1ec3 \u0111\u1eb7t l\u1ecbch h\u1eb9n v\u00e0 x\u00e1c nh\u1eadn l\u1ecbch tr\u00ecnh kh\u1ea3o\u00a0 cho b\u1ea1n.<\/p>\n<\/div>\n<\/div>\n<div class=\"row02\">\n<div class=\"if_ttl02\">\n<p>5. Kh\u1ea3o s\u00e1t th\u1ef1c t\u1ebf (\u0111\u1ed9i ng\u0169 SUFEX tr\u1ef1c ti\u1ebfp \u0111\u1ed3ng h\u00e0nh c\u00f9ng kh\u00e1ch h\u00e0ng v\u00e0 h\u1ed7 tr\u1ee3 phi\u00ean d\u1ecbch)<\/p>\n<\/div>\n<div class=\"if_desc02\">\n<p>Trong ng\u00e0y kh\u1ea3o s\u00e1t, nh\u00e2n vi\u00ean ph\u1ee5 tr\u00e1ch c\u1ee7a SUFEX s\u1ebd \u0111\u1ed3ng h\u00e0nh c\u00f9ng qu\u00fd kh\u00e1ch, h\u1ed7 tr\u1ee3 h\u01b0\u1edbng d\u1eabn t\u1ea1i \u0111\u1ecba \u0111i\u1ec3m kh\u1ea3o s\u00e1t v\u00e0 phi\u00ean d\u1ecbch trong su\u1ed1t qu\u00e1 tr\u00ecnh l\u00e0m vi\u1ec7c.<\/p>\n<\/div>\n<\/div>\n<div class=\"row02\">\n<div class=\"if_ttl02\">\n<p>6.H\u1ed7 tr\u1ee3 sau khi kh\u1ea3o s\u00e1t<\/p>\n<\/div>\n<div class=\"if_desc02\">\n<p>Ch\u00fang t\u00f4i ti\u1ebfp t\u1ee5c h\u1ed7 tr\u1ee3 qu\u00fd kh\u00e1ch trong c\u00e1c b\u01b0\u1edbc sau kh\u1ea3o s\u00e1t nh\u01b0 thu h\u1eb9p danh s\u00e1ch l\u1ef1a ch\u1ecdn, \u0111\u00e0m ph\u00e1n \u0111i\u1ec1u ki\u1ec7n v\u00e0 th\u1ef1c hi\u1ec7n c\u00e1c th\u1ee7 t\u1ee5c k\u00fd k\u1ebft\u00a0 h\u1ee3p \u0111\u1ed3ng.<\/p>\n<\/div>\n<\/div>\n<\/div>\n<div class=\"industrial_ft02_btn\">\n<div class=\"btn center org\"><a href=\"https:\/\/www.sufextrading.com\/contact\/\">Li\u00ean h\u1ec7<\/a><\/div>\n<\/div>\n<\/div>\n<div class=\"clearfix mb100\">\n<div class=\"industrial_frame\">\n<p>C\u00e1c d\u1ecbch v\u1ee5 chuy\u00ean m\u00f4n kh\u00e1c<\/p>\n<\/div>\n<div class=\"industrial_desc\">\n<p data-start=\"0\" data-end=\"141\">C\u00f4ng ty ch\u00fang t\u00f4i cung c\u1ea5p d\u1ecbch v\u1ee5 thu th\u1eadp v\u00e0 ph\u00e2n t\u00edch th\u00f4ng tin \u0111\u00e1ng tin c\u1eady d\u00e0nh cho c\u00e1c doanh nghi\u1ec7p \u0111ang xem x\u00e9t \u0111\u1ea7u t\u01b0 v\u00e0o Vi\u1ec7t Nam.<\/p>\n<p data-start=\"143\" data-end=\"407\" data-is-last-node=\"\" data-is-only-node=\"\">\u0110\u1ed9i ng\u0169 chuy\u00ean gia am hi\u1ec3u th\u1ecb tr\u01b0\u1eddng Vi\u1ec7t Nam c\u1ee7a SUFEX cung c\u1ea5p d\u1ecbch v\u1ee5 t\u01b0 v\u1ea5n v\u00e0 nghi\u00ean c\u1ee9u chuy\u00ean s\u00e2u c\u00f3 t\u00ednh ph\u00ed, t\u1eeb kh\u1ea3o s\u00e1t th\u1ef1c t\u1ebf, ph\u00e2n t\u00edch th\u1ecb tr\u01b0\u1eddng \u0111\u1ebfn \u0111\u00e1nh gi\u00e1 d\u1ef1 \u00e1n \u0111\u1ea7u t\u01b0, mang \u0111\u1ebfn d\u1eef li\u1ec7u thi\u1ebft th\u1ef1c h\u1ed7 tr\u1ee3 doanh nghi\u1ec7p \u0111\u01b0a ra quy\u1ebft \u0111\u1ecbnh ch\u00ednh x\u00e1c.<\/p>\n<\/div>\n<ul class=\"list_dot\">\n<li class=\"semi_bold\">Th\u1ecb tr\u01b0\u1eddng khu c\u00f4ng nghi\u1ec7p, c\u01a1 s\u1edf h\u1ea1 t\u1ea7ng v\u00e0 logistics<\/li>\n<li class=\"semi_bold\">Kh\u1ea3o s\u00e1t th\u1ecb tr\u01b0\u1eddng v\u00e0 \u0111i\u1ec1u tra nh\u00e0 cung c\u1ea5p<\/li>\n<li class=\"semi_bold\">Th\u1ea9m \u0111\u1ecbnh (Due Diligence) trong l\u1ef1a ch\u1ecdn v\u00e0 \u0111\u00e1nh gi\u00e1 d\u1ef1 \u00e1n \u0111\u1ea7u t\u01b0<\/li>\n<li class=\"semi_bold\">Qu\u1ea3n l\u00fd d\u1ef1 \u00e1n<\/li>\n<li class=\"semi_bold\">Danh s\u00e1ch c\u00e1c doanh nghi\u1ec7p m\u1edbi \u0111\u1ea7u t\u01b0 t\u1ea1i Vi\u1ec7t Nam (cung c\u1ea5p c\u00f3 ph\u00ed)<\/li>\n<\/ul>\n<div class=\"industrial_ft03_btn\">\n<div class=\"btn center org\"><a href=\"https:\/\/www.sufextrading.com\/contact\/\">Li\u00ean h\u1ec7<\/a><\/div>\n<\/div>\n<\/div>\n<div class=\"clearfix\">\n<div class=\"popular_columns\">\n<div class=\"u_construction_bg\">\n<div class=\"u_construction_line01\"><\/div>\n<div class=\"u_construction_line02\"><\/div>\n<div class=\"u_construction_content\">\n<p class=\"txt_big\">\u0110ang trong qu\u00e1 tr\u00ecnh<br \/>\nho\u00e0n thi\u1ec7n<\/p>\n<p class=\"txt_sm\">S\u1eafp ra m\u1eaft<\/p>\n<\/div>\n<\/div>\n<\/div>\n<\/div>\n<\/div>\n<div class=\"industrial_right\">\n<div class=\"clearfix\">\n<div class=\"popular_columns\">\n<div class=\"u_construction_bg\">\n<div class=\"u_construction_line01\"><\/div>\n<div class=\"u_construction_line02\"><\/div>\n<div class=\"u_construction_content\">\n<p class=\"txt_big\">\u0110ang trong qu\u00e1 tr\u00ecnh<br \/>\nho\u00e0n thi\u1ec7n<\/p>\n<p class=\"txt_sm\">S\u1eafp ra m\u1eaft<\/p>\n<\/div>\n<\/div>\n<\/div>\n<div class=\"indus_banner_list\">\n<div class=\"indus_banner_col\">\n<p><a href=\"https:\/\/www.sufextrading.com\/media\/investasiavol19\/\"><img decoding=\"async\" src=\"https:\/\/www.sufextrading.com\/wp-content\/themes\/sufext\/images\/indus_img01.png\" alt=\"E-BOOK\u306e\u7121\u6599\u95b2\u89a7\u306f\u3053\u3061\u3089\u304b\u3089\" \/><\/a><\/p>\n<\/div>\n<div class=\"indus_banner_col\">\n<p><a href=\"https:\/\/www.sufextrading.com\/rental-car\/\"><img decoding=\"async\" src=\"https:\/\/www.sufextrading.com\/wp-content\/themes\/sufext\/images\/indus_img02.png\" alt=\"Sufex\" \/><\/a><\/p>\n<\/div>\n<\/div>\n<\/div>\n<\/div>\n<\/div>\n<\/div>\n<\/div>\n","protected":false},"excerpt":{"rendered":"<p>D\u1ecbch v\u1ee5 T\u01b0 v\u1ea5n Khu C\u00f4ng nghi\u1ec7p Kh\u00e1m ph\u00e1 ngay c\u00e1c Khu c\u00f4ng nghi\u1ec7p, Nh\u00e0 x\u01b0\u1edfng x\u00e2y s\u1eb5n v\u00e0 Kho cho thu\u00ea ph\u00f9 h\u1ee3p nh\u1ea5t \u0111\u1ec3 m\u1edf r\u1ed9ng ho\u1ea1t \u0111\u1ed9ng kinh doanh t\u1ea1i Vi\u1ec7t Nam T\u1ea1i SUFEX, ch\u00fang t\u00f4i h\u1ed7 tr\u1ee3 c\u00e1c doanh nghi\u1ec7p s\u1ea3n xu\u1ea5t \u0111ang c\u00e2n nh\u1eafc m\u1edf r\u1ed9ng v\u00e0o th\u1ecb tr\u01b0\u1eddng Vi\u1ec7t [&hellip;]<\/p>\n","protected":false},"author":2,"featured_media":0,"parent":0,"menu_order":0,"comment_status":"closed","ping_status":"closed","template":"","meta":{"_acf_changed":false,"_locale":"vi","_original_post":"https:\/\/www.sufextrading.com\/?page_id=1970","footnotes":""},"class_list":["post-2067","page","type-page","status-publish","hentry","vi"],"acf":[],"aioseo_notices":[],"_links":{"self":[{"href":"https:\/\/www.sufextrading.com\/wp-json\/wp\/v2\/pages\/2067","targetHints":{"allow":["GET"]}}],"collection":[{"href":"https:\/\/www.sufextrading.com\/wp-json\/wp\/v2\/pages"}],"about":[{"href":"https:\/\/www.sufextrading.com\/wp-json\/wp\/v2\/types\/page"}],"author":[{"embeddable":true,"href":"https:\/\/www.sufextrading.com\/wp-json\/wp\/v2\/users\/2"}],"replies":[{"embeddable":true,"href":"https:\/\/www.sufextrading.com\/wp-json\/wp\/v2\/comments?post=2067"}],"version-history":[{"count":14,"href":"https:\/\/www.sufextrading.com\/wp-json\/wp\/v2\/pages\/2067\/revisions"}],"predecessor-version":[{"id":2430,"href":"https:\/\/www.sufextrading.com\/wp-json\/wp\/v2\/pages\/2067\/revisions\/2430"}],"wp:attachment":[{"href":"https:\/\/www.sufextrading.com\/wp-json\/wp\/v2\/media?parent=2067"}],"curies":[{"name":"wp","href":"https:\/\/api.w.org\/{rel}","templated":true}]}}