{"id":2082,"date":"2025-10-08T10:02:56","date_gmt":"2025-10-08T10:02:56","guid":{"rendered":"https:\/\/www.sufextrading.com\/?page_id=2082"},"modified":"2026-04-24T07:40:19","modified_gmt":"2026-04-24T07:40:19","slug":"rental-car","status":"publish","type":"page","link":"https:\/\/www.sufextrading.com\/vi\/rental-car\/","title":{"rendered":"D\u1ecbch v\u1ee5 cho thu\u00ea xe"},"content":{"rendered":"<div class=\"inner clearfix\">\n<section class=\"clearfix\">\n<div class=\"rental_car_page mb70\">\n<div class=\"title_u\">\n<h3>D\u1ecbch v\u1ee5 cho thu\u00ea xe<\/h3>\n<\/div>\n<\/div>\n<\/section>\n<section class=\"clearfix\">\n<div class=\"rental01\">\n<div class=\"rental01_ttl_big\">\n<p>D\u1ecbch v\u1ee5 cho thu\u00ea xe k\u00e8m t\u00e0i x\u1ebf uy t\u00edn v\u00e0 chuy\u00ean nghi\u1ec7p <br class=\"pc\" \/>v\u1edbi h\u01a1n 12 n\u0103m kinh nghi\u1ec7m t\u1ea1i Vi\u1ec7t Nam<\/p>\n<\/div>\n<div class=\"rental01_flex_col\">\n<div class=\"rental01_col\">\n<p>Giao ti\u1ebfp tin c\u1eady b\u1eb1ng ti\u1ebfng Nh\u1eadt<\/p>\n<\/div>\n<div class=\"rental01_col\">\n<p>Cung c\u1ea5p d\u1ecbch v\u1ee5 \u1ed5n \u0111\u1ecbnh theo phong c\u00e1ch qu\u1ea3n l\u00fd ki\u1ec3u Nh\u1eadt B\u1ea3n.<\/p>\n<\/div>\n<\/div>\n<div class=\"rental01_txt_big\">\n<p>CAR RENTAL SERVICE<\/p>\n<\/div>\n<div class=\"rental01_img_car\">\n<p><img decoding=\"async\" src=\"https:\/\/www.sufextrading.com\/wp-content\/themes\/sufext\/images\/rental_img01.png\" alt=\"CAR RENTAL SERVICE\" \/><\/p>\n<\/div>\n<\/div>\n<\/section>\n<section class=\"clearfix\">\n<div class=\"rental02\">\n<div class=\"rental_ttl_sec\">\n<h4>Ch\u00fang t\u00f4i cung c\u1ea5p \u0111a d\u1ea1ng d\u1ecbch v\u1ee5 ph\u00f9 h\u1ee3p v\u1edbi t\u1eebng m\u1ee5c \u0111\u00edch s\u1eed d\u1ee5ng.<\/h4>\n<\/div>\n<div class=\"rental02_list_row\">\n<div class=\"rental02_row\">\n<div class=\"rental02_row_left\">\n<div class=\"ic\">\n<p><img loading=\"lazy\" decoding=\"async\" src=\"https:\/\/www.sufextrading.com\/wp-content\/themes\/sufext\/images\/rental_s02_ic01.png\" alt=\"D\u1ecbch v\u1ee5 \u0111\u01b0a \u0111\u00f3n v\u1edbi t\u00e0i x\u1ebf ri\u00eang\" width=\"56\" height=\"61\" \/><\/p>\n<\/div>\n<div class=\"ttl\">\n<p>D\u1ecbch v\u1ee5 \u0111\u01b0a \u0111\u00f3n v\u1edbi t\u00e0i x\u1ebf ri\u00eang<\/p>\n<\/div>\n<\/div>\n<div class=\"rental02_row_right\">\n<div class=\"text\">\n<p>D\u1ecbch v\u1ee5 xe ri\u00eang v\u1edbi t\u00e0i x\u1ebf chuy\u00ean nghi\u1ec7p, s\u1eb5n s\u00e0ng ph\u1ee5c v\u1ee5 theo \u0111\u00fang nhu c\u1ea7u v\u00e0 l\u1ecbch tr\u00ecnh c\u1ee7a b\u1ea1n. T\u1ea5t c\u1ea3 t\u00e0i x\u1ebf \u0111\u1ec1u \u0111\u01b0\u1ee3c ch\u00fang t\u00f4i tr\u1ef1c ti\u1ebfp ph\u1ecfng v\u1ea5n v\u00e0 tuy\u1ec3n ch\u1ecdn tr\u01b0\u1edbc, \u0111\u1ea3m b\u1ea3o ch\u1ea5t l\u01b0\u1ee3ng d\u1ecbch v\u1ee5 \u1ed5n \u0111\u1ecbnh v\u00e0 \u0111\u00e1ng tin c\u1eady<\/p>\n<\/div>\n<\/div>\n<\/div>\n<div class=\"rental02_row\">\n<div class=\"rental02_row_left\">\n<div class=\"ic\">\n<p><img loading=\"lazy\" decoding=\"async\" src=\"https:\/\/www.sufextrading.com\/wp-content\/themes\/sufext\/images\/rental_s02_ic02.png\" alt=\"D\u1ecbch v\u1ee5 theo ng\u00e0y\/ Ph\u1ee5c v\u1ee5 c\u00f4ng vi\u1ec7c\" width=\"69\" height=\"55\" \/><\/p>\n<\/div>\n<div class=\"ttl\">\n<p>D\u1ecbch v\u1ee5 theo ng\u00e0y\/ Ph\u1ee5c v\u1ee5 c\u00f4ng vi\u1ec7c<\/p>\n<\/div>\n<\/div>\n<div class=\"rental02_row_right\">\n<div class=\"text\">\n<p>D\u1ecbch v\u1ee5 xe theo ng\u00e0y ph\u00f9 h\u1ee3p cho c\u00e1c nhu c\u1ea7u kinh doanh nh\u01b0 \u0111\u00f3n ti\u1ebfp kh\u00e1ch h\u00e0ng ho\u1eb7c tham d\u1ef1 c\u00e1c cu\u1ed9c h\u1ecdp quan tr\u1ecdng. Kh\u00f4ng y\u00eau c\u1ea7u h\u1ee3p \u0111\u1ed3ng d\u00e0i h\u1ea1n, gi\u00fap qu\u00fd kh\u00e1ch ch\u1ee7 \u0111\u1ed9ng s\u1eed d\u1ee5ng v\u1edbi s\u1ef1 linh ho\u1ea1t v\u00e0 thu\u1eadn ti\u1ec7n t\u1ed1i \u0111a.<\/p>\n<\/div>\n<\/div>\n<\/div>\n<div class=\"rental02_row\">\n<div class=\"rental02_row_left\">\n<div class=\"ic\">\n<p><img loading=\"lazy\" decoding=\"async\" src=\"https:\/\/www.sufextrading.com\/wp-content\/themes\/sufext\/images\/rental_s02_ic03.png\" alt=\"D\u1ecbch v\u1ee5 theo ng\u00e0y\/ Ph\u1ee5c v\u1ee5 C\u00e1 nh\u00e2n\" width=\"51\" height=\"80\" \/><\/p>\n<\/div>\n<div class=\"ttl\">\n<p>D\u1ecbch v\u1ee5 theo ng\u00e0y \/ Ph\u1ee5c v\u1ee5 C\u00e1 nh\u00e2n<\/p>\n<\/div>\n<\/div>\n<div class=\"rental02_row_right\">\n<div class=\"text\">\n<section class=\"text-token-text-primary w-full focus:outline-none [--shadow-height:45px] has-data-writing-block:pointer-events-none has-data-writing-block:-mt-(--shadow-height) has-data-writing-block:pt-(--shadow-height) [&amp;:has([data-writing-block])&gt;*]:pointer-events-auto R6Vx5W_threadScrollVars scroll-mb-[calc(var(--scroll-root-safe-area-inset-bottom,0px)+var(--thread-response-height))] scroll-mt-(--header-height)\" dir=\"auto\" data-turn-id=\"8535eeeb-d0c4-49ed-910b-86029514c9ca\" data-testid=\"conversation-turn-131\" data-scroll-anchor=\"false\" data-turn=\"user\"><\/section>\n<section class=\"text-token-text-primary w-full focus:outline-none [--shadow-height:45px] has-data-writing-block:pointer-events-none has-data-writing-block:-mt-(--shadow-height) has-data-writing-block:pt-(--shadow-height) [&amp;:has([data-writing-block])&gt;*]:pointer-events-auto [content-visibility:auto] supports-[content-visibility:auto]:[contain-intrinsic-size:auto_100lvh] R6Vx5W_threadScrollVars scroll-mb-[calc(var(--scroll-root-safe-area-inset-bottom,0px)+var(--thread-response-height))] scroll-mt-[calc(var(--header-height)+min(200px,max(70px,20svh)))]\" dir=\"auto\" data-turn-id=\"request-69e84a44-2ab4-8322-923a-8ebdd4cb9c7d-24\" data-testid=\"conversation-turn-132\" data-scroll-anchor=\"false\" data-turn=\"assistant\">\n<div class=\"text-base my-auto mx-auto pb-10 [--thread-content-margin:var(--thread-content-margin-xs,calc(var(--spacing)*4))] @w-sm\/main:[--thread-content-margin:var(--thread-content-margin-sm,calc(var(--spacing)*6))] @w-lg\/main:[--thread-content-margin:var(--thread-content-margin-lg,calc(var(--spacing)*16))] px-(--thread-content-margin)\">\n<div class=\"[--thread-content-max-width:40rem] @w-lg\/main:[--thread-content-max-width:48rem] mx-auto max-w-(--thread-content-max-width) flex-1 group\/turn-messages focus-visible:outline-hidden relative flex w-full min-w-0 flex-col agent-turn\">\n<div class=\"flex max-w-full flex-col gap-4 grow\">\n<div class=\"min-h-8 text-message relative flex w-full flex-col items-end gap-2 text-start break-words whitespace-normal outline-none keyboard-focused:focus-ring [.text-message+&amp;]:mt-1\" dir=\"auto\" tabindex=\"0\" data-message-author-role=\"assistant\" data-message-id=\"86e8c652-a08a-4568-a298-96e7c4068446\" data-message-model-slug=\"gpt-5-3\" data-turn-start-message=\"true\">\n<div class=\"flex w-full flex-col gap-1 empty:hidden\">\n<div class=\"markdown prose dark:prose-invert w-full wrap-break-word light markdown-new-styling\">\n<p data-start=\"0\" data-end=\"265\" data-is-last-node=\"\" data-is-only-node=\"\">D\u00f9 l\u00e0 du l\u1ecbch trong n\u01b0\u1edbc hay nhu c\u1ea7u di chuy\u1ec3n c\u00e1 nh\u00e2n, ch\u00fang t\u00f4i mang \u0111\u1ebfn d\u1ecbch v\u1ee5 cao c\u1ea5p v\u1edbi ch\u1ea5t l\u01b0\u1ee3ng v\u01b0\u1ee3t tr\u1ed9i, kh\u00e1c bi\u1ec7t so v\u1edbi taxi ho\u1eb7c xe bu\u00fdt th\u00f4ng th\u01b0\u1eddng. Qu\u00fd kh\u00e1ch c\u00f3 th\u1ec3 an t\u00e2m t\u1eadn h\u01b0\u1edfng nh\u1eefng kho\u1ea3nh kh\u1eafc \u00fd ngh\u0129a b\u00ean gia \u0111\u00ecnh v\u00e0 c\u00e1c \u0111\u1ed1i t\u00e1c quan tr\u1ecdng.<\/p>\n<\/div>\n<\/div>\n<\/div>\n<\/div>\n<\/div>\n<\/div>\n<\/section>\n<\/div>\n<\/div>\n<\/div>\n<div class=\"rental02_row\">\n<div class=\"rental02_row_left\">\n<div class=\"ic\">\n<p><img loading=\"lazy\" decoding=\"async\" src=\"https:\/\/www.sufextrading.com\/wp-content\/themes\/sufext\/images\/rental_s02_ic04.png\" alt=\"D\u1ecbch v\u1ee5 \u0111\u01b0a \u0111\u00f3n s\u00e2n bay\" width=\"58\" height=\"57\" \/><\/p>\n<\/div>\n<div class=\"ttl\">\n<p>D\u1ecbch v\u1ee5 \u0111\u01b0a \u0111\u00f3n s\u00e2n bay<\/p>\n<\/div>\n<\/div>\n<div class=\"rental02_row_right\">\n<div class=\"text\">\n<p>Kh\u00f4ng c\u1ea7n lo l\u1eafng v\u1ec1 gi\u1edd bay hay ch\u1eadm chuy\u1ebfn. Ch\u00fang t\u00f4i lu\u00f4n s\u1eb5n s\u00e0ng \u0111\u01b0a \u0111\u00f3n b\u1ea1n t\u1ea1i s\u00e2n bay an to\u00e0n v\u00e0 \u0111\u00fang gi\u1edd. N\u1ebfu xe v\u00e0 t\u00e0i x\u1ebf c\u00f2n tr\u1ed1ng, ch\u00fang t\u00f4i c\u00f3 th\u1ec3 ph\u1ee5c v\u1ee5 ngay trong ng\u00e0y, gi\u1ea3i ph\u00e1p ti\u1ec7n l\u1ee3i cho chuy\u1ebfn c\u00f4ng t\u00e1c ho\u1eb7c du l\u1ecbch ri\u00eang c\u1ee7a b\u1ea1n<\/p>\n<\/div>\n<\/div>\n<\/div>\n<div class=\"rental02_row\">\n<div class=\"rental02_row_left ali_center\">\n<div class=\"ic\">\n<p><img loading=\"lazy\" decoding=\"async\" src=\"https:\/\/www.sufextrading.com\/wp-content\/themes\/sufext\/images\/rental_s02_ic05.png\" alt=\"Bao g\u1ed3m ti\u00eau chu\u1ea9n b\u1ea3o hi\u1ec3m h\u00e0nh kh\u00e1ch v\u00e0 h\u1ed7 tr\u1ee3 y t\u1ebf.\" width=\"54\" height=\"65\" \/><\/p>\n<\/div>\n<div class=\"ttl\">\n<p>Bao g\u1ed3m ti\u00eau chu\u1ea9n b\u1ea3o hi\u1ec3m h\u00e0nh kh\u00e1ch v\u00e0 h\u1ed7 tr\u1ee3 y t\u1ebf.<\/p>\n<\/div>\n<\/div>\n<div class=\"rental02_row_right\">\n<div class=\"text\">\n<p>Th\u00f4ng qua s\u1ef1 h\u1ee3p t\u00e1c v\u1edbi c\u00f4ng ty WellBe, c\u00e1c xe thu\u1ed9c d\u1ecbch v\u1ee5 cho thu\u00ea theo th\u00e1ng \u0111\u01b0\u1ee3c trang b\u1ecb s\u1eb5n b\u1ea3o hi\u1ec3m h\u00e0nh kh\u00e1ch. Trong tr\u01b0\u1eddng h\u1ee3p kh\u1ea9n c\u1ea5p, qu\u00fd kh\u00e1ch c\u00f3 th\u1ec3 nh\u1eadn h\u1ed7 tr\u1ee3 y t\u1ebf th\u00f4ng qua t\u1ed5ng \u0111\u00e0i h\u1ed7 tr\u1ee3 ti\u1ebfng Nh\u1eadt c\u1ee7a WellBe.<\/p>\n<\/div>\n<div class=\"logo\">\n<div class=\"logo01\">\n<p><img loading=\"lazy\" decoding=\"async\" src=\"https:\/\/www.sufextrading.com\/wp-content\/themes\/sufext\/images\/rental_s2_logo01.png\" alt=\"Bao g\u1ed3m ti\u00eau chu\u1ea9n b\u1ea3o hi\u1ec3m h\u00e0nh kh\u00e1ch v\u00e0 h\u1ed7 tr\u1ee3 y t\u1ebf.\" width=\"220\" height=\"42\" \/><\/p>\n<\/div>\n<div class=\"logo01\">\n<p><img loading=\"lazy\" decoding=\"async\" src=\"https:\/\/www.sufextrading.com\/wp-content\/themes\/sufext\/images\/rental_s2_logo02.png\" alt=\"Bao g\u1ed3m ti\u00eau chu\u1ea9n b\u1ea3o hi\u1ec3m h\u00e0nh kh\u00e1ch v\u00e0 h\u1ed7 tr\u1ee3 y t\u1ebf.\" width=\"75\" height=\"75\" \/><\/p>\n<\/div>\n<\/div>\n<\/div>\n<\/div>\n<\/div>\n<\/div>\n<\/section>\n<section class=\"clearfix\">\n<div class=\"rental03\">\n<div class=\"rental03_content01\">\n<div class=\"rental_ttl_sec mb30\">\n<h4>Ph\u00ed s\u1eed d\u1ee5ng d\u1ecbch v\u1ee5<\/h4>\n<\/div>\n<div class=\"rental_inframe\">\n<div class=\"ttl\">\n<p>D\u1ecbch v\u1ee5 theo nhu c\u1ea7u<\/p>\n<\/div>\n<div class=\"desc\">\n<p>Ph\u00ed thu\u00ea xe trong ng\u00e0y<br class=\"sp\" \/>\u00a0(8:00 s\u00e1ng \u2013 5:00 chi\u1ec1u)<\/p>\n<\/div>\n<\/div>\n<div class=\"rental_list01\">\n<ul>\n<li>Chuy\u1ebfn kh\u1ea3o s\u00e1t t\u1eeb Nh\u1eadt B\u1ea3n<\/li>\n<li>Chuy\u1ebfn kh\u1ea3o s\u00e1t khu c\u00f4ng nghi\u1ec7p<\/li>\n<li>Chuy\u1ebfn \u0111i v\u00e0o cu\u1ed1i tu\u1ea7n v\u00e0 ng\u00e0y l\u1ec5<\/li>\n<li>Ng\u00e0y k\u1ef7 ni\u1ec7m quan tr\u1ecdng<\/li>\n<\/ul>\n<div class=\"no_bg\">\n<p>etc&#8230;<\/p>\n<\/div>\n<\/div>\n<div class=\"rental03_demo\">\n<p data-pm-slice=\"1 1 []\">D\u1ecbch v\u1ee5 ph\u1ee5c v\u1ee5 nhu c\u1ea7u di chuy\u1ec3n t\u1ea1i TP. H\u1ed3 Ch\u00ed Minh, H\u00e0 N\u1ed9i v\u00e0 khu v\u1ef1c l\u00e2n c\u1eadn d\u00e0nh cho kh\u00e1ch h\u00e0ng \u0111i c\u00f4ng t\u00e1c, bao g\u1ed3m th\u0103m kh\u00e1ch h\u00e0ng, kh\u1ea3o s\u00e1t khu c\u00f4ng nghi\u1ec7p, tham quan v\u00e0 c\u00e1c nhu c\u1ea7u di chuy\u1ec3n kh\u00e1c.<\/p>\n<p>Ch\u00fang t\u00f4i c\u0169ng cung c\u1ea5p g\u00f3i d\u1ecbch v\u1ee5 c\u00f3 internet trong xe, ph\u00f9 h\u1ee3p cho c\u00e1c chuy\u1ebfn \u0111i d\u00e0i.<\/p>\n<\/div>\n<div class=\"rental03_table\">\n<div class=\"txt_right\">\n<p>(Ch\u01b0a bao g\u1ed3m VAT)<\/p>\n<\/div>\n<div class=\"r03_table_custom\">\n<p class=\"sp tb_note\"><span class=\"f_sm\">\u203b*Cu\u1ed9n b\u1ea3ng sang tr\u00e1i v\u00e0 ph\u1ea3i \u0111\u1ec3 xem chi ti\u1ebft.<\/span><\/p>\n<div class=\"tb_scroll\">\n<table>\n<tbody>\n<tr>\n<th class=\"bg_brown w10\" colspan=\"2\">\u3008V\u00ed d\u1ee5\u3009 Tr\u01b0\u1eddng h\u1ee3p h\u1ee3p \u0111\u1ed3ng 1 ng\u00e0y<\/th>\n<th>Ph\u00ed thu\u00ea xe<\/th>\n<th>Ph\u00ed ph\u1ee5 thu m\u1ed7i gi\u1edd<\/th>\n<th>Ph\u00ed ph\u1ee5 thu m\u1ed7i km<\/th>\n<th>Ph\u00ed \u0111\u01b0a \u0111\u00f3n\u00a0 s\u00e2n bay<\/th>\n<\/tr>\n<tr>\n<td class=\"w10 bg_blue\" rowspan=\"2\">H\u1ed3 Ch\u00ed Minh<\/td>\n<td class=\"bg_gray\">INNOVA (lo\u1ea1i 7 ch\u1ed7)<\/td>\n<td>1,650,000 VND<\/td>\n<td>75,000 VND<\/td>\n<td>8,000 VND<\/td>\n<td>800,000 VND<\/td>\n<\/tr>\n<tr>\n<td class=\"bg_gray\">INNOVA (lo\u1ea1i 16 ch\u1ed7)<\/td>\n<td>1,980,000 VND<\/td>\n<td>100,000 VND<\/td>\n<td>13,000 VND<\/td>\n<td>1,100,000 VND<\/td>\n<\/tr>\n<tr>\n<td class=\"w10 bg_blue\" rowspan=\"2\">H\u00e0 N\u1ed9i<\/td>\n<td class=\"bg_gray\">INNOVA (lo\u1ea1i 7 ch\u1ed7)<\/td>\n<td>1,700,000 VND<\/td>\n<td>75,000 VND<\/td>\n<td>8,000 VND<\/td>\n<td>800,000 VND<\/td>\n<\/tr>\n<tr>\n<td class=\"bg_gray\">INNOVA (lo\u1ea1i 16 ch\u1ed7)<\/td>\n<td>2,100,000 VND<\/td>\n<td>100,000 VND<\/td>\n<td>13,000 VND<\/td>\n<td>1,100,000 VND<\/td>\n<\/tr>\n<\/tbody>\n<\/table>\n<\/div>\n<\/div>\n<\/div>\n<div class=\"rental03_ct\">\n<p>Ngo\u00e0i c\u00e1c d\u00f2ng xe tr\u00ean, ch\u00fang t\u00f4i c\u00f2n cung c\u1ea5p nhi\u1ec1u l\u1ef1a ch\u1ecdn kh\u00e1c ph\u00f9 h\u1ee3p v\u1edbi t\u1eebng nhu c\u1ea7u s\u1eed d\u1ee5ng nh\u01b0 Fortuner, Ford Transit V.I.P, xe bus (29 ch\u1ed7, 45 ch\u1ed7), v.v.<br \/>\n<span class=\"sm\">\u203b \u0110\u1ed1i v\u1edbi c\u00e1c doanh nghi\u1ec7p c\u00f3 tr\u1ee5 s\u1edf t\u1ea1i Nh\u1eadt B\u1ea3n, c\u00f3 th\u1ec3 thanh to\u00e1n b\u1eb1ng Y\u00ean Nh\u1eadt ho\u1eb7c \u0110\u00f4 la M\u1ef9.<\/span><\/p>\n<\/div>\n<div class=\"rental03_list mb30\">\n<p>Gi\u1edbi h\u1ea1n qu\u00e3ng \u0111\u01b0\u1eddng m\u1ed7i ng\u00e0y l\u00e0 100 km.<br \/>\nTh\u1eddi gian s\u1eed d\u1ee5ng thu\u00ea xe trong ng\u00e0y l\u00e0 t\u1eeb 8:00 s\u00e1ng \u0111\u1ebfn 5:00 chi\u1ec1u (bao g\u1ed3m 1 gi\u1edd ngh\u1ec9 c\u1ee7a t\u00e0i x\u1ebf, t\u1ed5ng c\u1ed9ng 8 gi\u1edd s\u1eed d\u1ee5ng).<br \/>\nPh\u00ed thu\u00ea xe \u0111\u00e3 bao g\u1ed3m chi ph\u00ed t\u00e0i x\u1ebf, x\u0103ng d\u1ea7u v\u00e0 b\u1ea3o hi\u1ec3m.<br \/>\nKhi s\u1eed d\u1ee5ng d\u1ecbch v\u1ee5 v\u00e0o Ch\u1ee7 Nh\u1eadt ho\u1eb7c ng\u00e0y l\u1ec5, ph\u1ee5 ph\u00ed ng\u00e0y ngh\u1ec9 s\u1ebd \u0111\u01b0\u1ee3c c\u1ed9ng th\u00eam v\u00e0o gi\u00e1 c\u01a1 b\u1ea3n. Vui l\u00f2ng li\u00ean h\u1ec7 \u0111\u1ec3 \u0111\u01b0\u1ee3c t\u01b0 v\u1ea5n th\u00eam.<\/p>\n<\/div>\n<div class=\"rental03_btn\">\n<div class=\"btn center\"><a href=\"#\">H\u00e3y li\u00ean h\u1ec7 ngay b\u00e2y gi\u1edd<\/a><\/div>\n<\/div>\n<\/div>\n<div class=\"rental03_content02\">\n<div class=\"rental_inframe\">\n<div class=\"ttl\">\n<p>D\u1ecbch v\u1ee5 h\u00e0ng th\u00e1ng<\/p>\n<\/div>\n<div class=\"desc\">\n<p>Ph\u00ed thu\u00ea xe d\u00e0i h\u1ea1n<br class=\"sp\" \/>(8:00 s\u00e1ng \u2013 6:00 chi\u1ec1u)<\/p>\n<\/div>\n<\/div>\n<div class=\"rental_list01\">\n<ul>\n<li>T\u00e0i x\u1ebf v\u00e0 xe c\u1ed1 \u0111\u1ecbnh<\/li>\n<li>T\u00f9y ch\u1ec9nh c\u00e1c m\u1ee5c nh\u01b0 th\u1eddi gian c\u01a1 b\u1ea3n, kho\u1ea3ng c\u00e1ch c\u01a1 b\u1ea3n, v.v.<\/li>\n<\/ul>\n<div class=\"no_bg ic_protect\">\n<p>B\u1ea3o hi\u1ec3m h\u00e0nh kh\u00e1ch \u0111i k\u00e8m h\u1ed7 tr\u1ee3 y t\u1ebf \u0111\u01b0\u1ee3c bao g\u1ed3m theo ti\u00eau chu\u1ea9n.<\/p>\n<\/div>\n<\/div>\n<div class=\"rental03_demo\">\n<p>G\u00f3i d\u1ecbch v\u1ee5 ti\u1ebft ki\u1ec7m h\u01a1n so v\u1edbi d\u00f9ng theo ng\u00e0y, ph\u00f9 h\u1ee3p cho vi\u1ec7c \u0111i l\u1ea1i khi c\u00f4ng t\u00e1c ho\u1eb7c c\u01b0 tr\u00fa d\u00e0i h\u1ea1n t\u1ea1i TP. H\u1ed3 Ch\u00ed Minh.<\/p>\n<\/div>\n<div class=\"rental03_table\">\n<div class=\"txt_right\">\n<p>Ch\u01b0a bao g\u1ed3m VAT<\/p>\n<\/div>\n<div class=\"r03_table_custom\">\n<p class=\"sp tb_note\"><span class=\"f_sm\">\u203b*Cu\u1ed9n b\u1ea3ng sang tr\u00e1i v\u00e0 ph\u1ea3i \u0111\u1ec3 xem chi ti\u1ebft.<\/span><\/p>\n<div class=\"tb_scroll\">\n<table>\n<tbody>\n<tr>\n<th class=\"bg_brown\">\u3008V\u00ed d\u1ee5\u3009 Tr\u01b0\u1eddng h\u1ee3p k\u00fd h\u1ee3p \u0111\u1ed3ng 1 n\u0103m<\/th>\n<th>Ph\u00ed thu\u00ea xe<\/th>\n<th>Ph\u00ed ph\u1ee5 thu m\u1ed7i gi\u1edd<\/th>\n<th>Ph\u00ed ph\u1ee5 thu m\u1ed7i km<\/th>\n<th>Ph\u00ed s\u1eed d\u1ee5ng v\u00e0o ng\u00e0y Ch\u1ee7 Nh\u1eadt<\/th>\n<\/tr>\n<tr>\n<td class=\"bg_gray\">INNOVA (lo\u1ea1i 7 ch\u1ed7)<\/td>\n<td>34,000,000~VND\/month<\/td>\n<td>75,000 VND<\/td>\n<td>7,500 VND<\/td>\n<td>1,500,000 VND<\/td>\n<\/tr>\n<tr>\n<td class=\"bg_gray\">INNOVA (lo\u1ea1i 16 ch\u1ed7)<\/td>\n<td>38,000,000~VND\/month<\/td>\n<td>85,000 VND<\/td>\n<td>8,500 VND<\/td>\n<td>2,000,000 VND<\/td>\n<\/tr>\n<\/tbody>\n<\/table>\n<\/div>\n<\/div>\n<\/div>\n<div class=\"rental03_ct\">\n<p>Ngo\u00e0i c\u00e1c d\u00f2ng xe tr\u00ean, ch\u00fang t\u00f4i c\u00f2n cung c\u1ea5p nhi\u1ec1u l\u1ef1a ch\u1ecdn kh\u00e1c ph\u00f9 h\u1ee3p v\u1edbi t\u1eebng nhu c\u1ea7u s\u1eed d\u1ee5ng nh\u01b0 Fortuner, Ford Transit V.I.P, xe bus (29 ch\u1ed7, 45 ch\u1ed7), v.v.<br \/>\n<span class=\"sm\">\u203bCh\u00fang t\u00f4i c\u00f3 c\u00e1c g\u00f3i d\u1ecbch v\u1ee5 xe ph\u00f9 h\u1ee3p v\u1edbi t\u1eebng m\u1ee5c \u0111\u00edch s\u1eed d\u1ee5ng. Khi k\u00fd h\u1ee3p \u0111\u1ed3ng d\u00e0i h\u1ea1n nh\u01b0 6 th\u00e1ng ho\u1eb7c 1 n\u0103m, qu\u00fd kh\u00e1ch s\u1ebd \u0111\u01b0\u1ee3c h\u01b0\u1edfng c\u00e1c \u01b0u \u0111\u00e3i v\u00e0 chi\u1ebft kh\u1ea5u \u0111\u1eb7c bi\u1ec7t.<\/span><\/p>\n<\/div>\n<div class=\"rental03_list mb30\">\n<p>Gi\u1edbi h\u1ea1n qu\u00e3ng \u0111\u01b0\u1eddng trong 1 th\u00e1ng l\u00e0 2.600 km.<br \/>\nM\u1ed7i khi v\u01b0\u1ee3t qu\u00e1 2.600 km s\u1ebd ph\u00e1t sinh ph\u00ed ph\u1ee5 thu.<br \/>\nTh\u1eddi gian s\u1eed d\u1ee5ng xe trong ng\u00e0y t\u1eeb 8:00 \u0111\u1ebfn 18:00 (bao g\u1ed3m 1 gi\u1edd ngh\u1ec9 c\u1ee7a t\u00e0i x\u1ebf, t\u1ed5ng th\u1eddi gian s\u1eed d\u1ee5ng l\u00e0 9 gi\u1edd).<br \/>\nPh\u00ed thu\u00ea xe \u0111\u00e3 bao g\u1ed3m chi ph\u00ed t\u00e0i x\u1ebf, x\u0103ng d\u1ea7u v\u00e0 b\u1ea3o hi\u1ec3m. Chi ph\u00ed g\u1eedi xe, ph\u00ed ph\u00e0 v\u00e0 ph\u00ed \u0111\u01b0\u1eddng cao t\u1ed1c kh\u00f4ng bao g\u1ed3m trong gi\u00e1.<\/p>\n<\/div>\n<div class=\"rental03_btn\">\n<div class=\"btn center\"><a href=\"https:\/\/www.sufextrading.com\/contact\/\">H\u00e3y li\u00ean h\u1ec7 ngay b\u00e2y gi\u1edd<\/a><\/div>\n<\/div>\n<\/div>\n<\/div>\n<\/section>\n<section class=\"clearfix\">\n<div class=\"rental04\">\n<div class=\"rental_ttl_sec mb30\">\n<h4>Li\u00ean h\u1ec7<\/h4>\n<\/div>\n<div class=\"rental04_row_flex\">\n<div class=\"rental04_ttl\">\n<p>SUFEX TRADING <br class=\"sp\" \/>B\u1ed9 ph\u1eadn cho thu\u00ea xe<\/p>\n<\/div>\n<div class=\"rental04_tel\">\n<p><a class=\"sweetlink\" href=\"tel:+84(0)2839117771\">+84(0)28-3911-7771<\/a><\/p>\n<\/div>\n<div class=\"rental04_mail\">\n<p><a href=\"mailto:rentalcar@sufextradingvn.com\">rentalcar@sufextradingvn.com<\/a><\/p>\n<\/div>\n<\/div>\n<div class=\"rental04_member_flex\">\n<div class=\"r04_area_flex\">\n<div class=\"r04_hcm_avt\">\n<p><img decoding=\"async\" src=\"https:\/\/www.sufextrading.com\/wp-content\/themes\/sufext\/images\/rental04_img01.png\" alt=\"Mr.Anh\uff08VN\/JP\/EN\uff09\" \/><\/p>\n<\/div>\n<div class=\"r04_area_text\">\n<div class=\"r04_location\">\n<p>H\u1ed3 Ch\u00ed Minh<\/p>\n<\/div>\n<div class=\"r04_name\">\n<p>Ms.Kikuchi\uff08JP\/EN\uff09<\/p>\n<\/div>\n<div class=\"r04_tel\">\n<p><a class=\"sweetlink\" href=\"tel:+84(0)915034256\">+84(0)915-034-256<\/a><\/p>\n<\/div>\n<div class=\"r04_mail\">\n<p><a href=\"mailto:h_kikuchi@sufextradingvn.com\">h_kikuchi@sufextradingvn.com<\/a><\/p>\n<\/div>\n<\/div>\n<div class=\"r04_area_text\">\n<div class=\"r04_location op0\">\n<p>H\u1ed3 Ch\u00ed Minh<\/p>\n<\/div>\n<div class=\"r04_name\">\n<p>Mr.Anh\uff08VN\/JP\/EN\uff09<\/p>\n<\/div>\n<div class=\"r04_tel\">\n<p><a class=\"sweetlink\" href=\"tel:+84(0)946982386\">+84(0)946-982-386<\/a><\/p>\n<\/div>\n<div class=\"r04_mail\">\n<p><a href=\"mailto:anhnguyen@sufextradingvn.com\">anhnguyen@sufextradingvn.com<\/a><\/p>\n<\/div>\n<\/div>\n<\/div>\n<div class=\"r04_in_hn\">\n<div class=\"r04_area_text\">\n<div class=\"r04_location\">\n<p>H\u00e0 N\u1ed9i<\/p>\n<\/div>\n<div class=\"r04_name\">\n<p>Ms.Lan\uff08VN\/JP\uff09<\/p>\n<\/div>\n<div class=\"r04_tel\">\n<p><a class=\"sweetlink\" href=\"tel:+84(0)911-054-390\">+84(0)911-054-390<\/a><\/p>\n<\/div>\n<div class=\"r04_mail\">\n<p><a href=\"mailto: lan@sufextradingvn.com\"> lan@sufextradingvn.com<\/a><\/p>\n<\/div>\n<\/div>\n<\/div>\n<\/div>\n<div class=\"rental04_staff_flex\">\n<div class=\"r04_left\">\n<div class=\"r04_img\">\n<p><img decoding=\"async\" src=\"https:\/\/www.sufextrading.com\/wp-content\/themes\/sufext\/images\/s04_staff.png\" alt=\"Ng\u01b0\u1eddi Vi\u1ec7t Nam th\u00f4ng th\u1ea1o ti\u1ebfng Nh\u1eadt s\u1ebd h\u1ed7 tr\u1ee3 b\u1ea1n.\" \/><\/p>\n<\/div>\n<div class=\"r04_txt\">\n<p>\u0110\u1ed9i ng\u0169 nh\u00e2n s\u1ef1 ng\u01b0\u1eddi Vi\u1ec7t Nam th\u00f4ng th\u1ea1o ti\u1ebfng Nh\u1eadt s\u1ebd h\u1ed7 tr\u1ee3 qu\u00fd kh\u00e1ch.<\/p>\n<\/div>\n<\/div>\n<div class=\"r04_right\">\n<div class=\"r04_txt_qrcode\">\n<p>Vui l\u00f2ng li\u00ean h\u1ec7 v\u1edbi ch\u00fang t\u00f4i<br \/>\nqua t\u00e0i kho\u1ea3n LINE!<\/p>\n<\/div>\n<div class=\"r04_img_qrcode\">\n<p><img decoding=\"async\" src=\"https:\/\/www.sufextrading.com\/wp-content\/themes\/sufext\/images\/s4_qrcode.png\" alt=\"LINE\" \/><\/p>\n<\/div>\n<\/div>\n<\/div>\n<div class=\"rental04_road\">\n<div class=\"rental04_img\">\n<div class=\"rental04_text\">\n<p>Vui l\u00f2ng li\u00ean h\u1ec7 v\u1edbi<\/p>\n<p>ch\u00fang t\u00f4i!<\/p>\n<\/div>\n<\/div>\n<\/div>\n<\/div>\n<\/section>\n<\/div>\n","protected":false},"excerpt":{"rendered":"<p>D\u1ecbch v\u1ee5 cho thu\u00ea xe D\u1ecbch v\u1ee5 cho thu\u00ea xe k\u00e8m t\u00e0i x\u1ebf uy t\u00edn v\u00e0 chuy\u00ean nghi\u1ec7p v\u1edbi h\u01a1n 12 n\u0103m kinh nghi\u1ec7m t\u1ea1i Vi\u1ec7t Nam Giao ti\u1ebfp tin c\u1eady b\u1eb1ng ti\u1ebfng Nh\u1eadt Cung c\u1ea5p d\u1ecbch v\u1ee5 \u1ed5n \u0111\u1ecbnh theo phong c\u00e1ch qu\u1ea3n l\u00fd ki\u1ec3u Nh\u1eadt B\u1ea3n. CAR RENTAL SERVICE Ch\u00fang t\u00f4i cung c\u1ea5p [&hellip;]<\/p>\n","protected":false},"author":2,"featured_media":0,"parent":0,"menu_order":0,"comment_status":"closed","ping_status":"closed","template":"","meta":{"_acf_changed":false,"_locale":"vi","_original_post":"https:\/\/www.sufextrading.com\/?page_id=1950","footnotes":""},"class_list":["post-2082","page","type-page","status-publish","hentry","vi"],"acf":[],"aioseo_notices":[],"_links":{"self":[{"href":"https:\/\/www.sufextrading.com\/wp-json\/wp\/v2\/pages\/2082","targetHints":{"allow":["GET"]}}],"collection":[{"href":"https:\/\/www.sufextrading.com\/wp-json\/wp\/v2\/pages"}],"about":[{"href":"https:\/\/www.sufextrading.com\/wp-json\/wp\/v2\/types\/page"}],"author":[{"embeddable":true,"href":"https:\/\/www.sufextrading.com\/wp-json\/wp\/v2\/users\/2"}],"replies":[{"embeddable":true,"href":"https:\/\/www.sufextrading.com\/wp-json\/wp\/v2\/comments?post=2082"}],"version-history":[{"count":5,"href":"https:\/\/www.sufextrading.com\/wp-json\/wp\/v2\/pages\/2082\/revisions"}],"predecessor-version":[{"id":2434,"href":"https:\/\/www.sufextrading.com\/wp-json\/wp\/v2\/pages\/2082\/revisions\/2434"}],"wp:attachment":[{"href":"https:\/\/www.sufextrading.com\/wp-json\/wp\/v2\/media?parent=2082"}],"curies":[{"name":"wp","href":"https:\/\/api.w.org\/{rel}","templated":true}]}}