{"id":2106,"date":"2025-11-05T07:44:35","date_gmt":"2025-11-05T07:44:35","guid":{"rendered":"https:\/\/www.sufextrading.com\/?page_id=2106"},"modified":"2026-04-22T09:51:20","modified_gmt":"2026-04-22T09:51:20","slug":"privacy-policy","status":"publish","type":"page","link":"https:\/\/www.sufextrading.com\/vi\/privacy-policy\/","title":{"rendered":"Privacy Policy"},"content":{"rendered":"<div class=\"inner\">\n<div class=\"title_u\">\n<h3>Ch\u00ednh s\u00e1ch b\u1ea3o m\u1eadt<\/h3>\n<\/div>\n<div class=\"privacy_section\">\n<p>\nC\u00f4ng ty ch\u00fang t\u00f4i c\u00f9ng c\u00e1c c\u00f4ng ty con v\u00e0 c\u00f4ng ty li\u00ean k\u1ebft l\u00e0 doanh nghi\u1ec7p cung c\u1ea5p d\u1ecbch v\u1ee5 \u0111a d\u1ea1ng tr\u00ean ph\u1ea1m vi to\u00e0n c\u1ea7u.<\/p>\n<p>Ch\u00fang t\u00f4i cam k\u1ebft ch\u1ecbu tr\u00e1ch nhi\u1ec7m b\u1ea3o v\u1ec7 th\u00f4ng tin c\u00e1 nh\u00e2n do c\u00f4ng ty tr\u1ef1c ti\u1ebfp qu\u1ea3n l\u00fd.<\/p>\n<p>Th\u00f4ng tin c\u00e1 nh\u00e2n \u0111\u01b0\u1ee3c thu th\u1eadp nh\u1eb1m m\u1ee5c \u0111\u00edch ph\u1ea3n h\u1ed3i c\u00e1c y\u00eau c\u1ea7u li\u00ean h\u1ec7, c\u0169ng nh\u01b0 cung c\u1ea5p th\u00f4ng tin v\u1ec1 d\u1ecbch v\u1ee5 v\u00e0 s\u1ef1 ki\u1ec7n c\u1ee7a c\u00f4ng ty.<\/p>\n<p>Ch\u00fang t\u00f4i lu\u00f4n \u00e1p d\u1ee5ng c\u00e1c bi\u1ec7n ph\u00e1p an ninh ph\u00f9 h\u1ee3p \u0111\u1ec3 b\u1ea3o v\u1ec7 th\u00f4ng tin c\u00e1 nh\u00e2n \u0111\u00e3 thu th\u1eadp v\u00e0 ch\u1ec9 l\u01b0u gi\u1eef trong ph\u1ea1m vi c\u1ea7n thi\u1ebft cho m\u1ee5c \u0111\u00edch kinh doanh h\u1ee3p ph\u00e1p ho\u1eb7c theo quy \u0111\u1ecbnh c\u1ee7a ph\u00e1p lu\u1eadt. Sau \u0111\u00f3, th\u00f4ng tin s\u1ebd \u0111\u01b0\u1ee3c x\u00f3a m\u1ed9t c\u00e1ch an to\u00e0n v\u00e0 ph\u00f9 h\u1ee3p.<\/p>\n<\/div>\n<\/div>\n","protected":false},"excerpt":{"rendered":"<p>Ch\u00ednh s\u00e1ch b\u1ea3o m\u1eadt C\u00f4ng ty ch\u00fang t\u00f4i c\u00f9ng c\u00e1c c\u00f4ng ty con v\u00e0 c\u00f4ng ty li\u00ean k\u1ebft l\u00e0 doanh nghi\u1ec7p cung c\u1ea5p d\u1ecbch v\u1ee5 \u0111a d\u1ea1ng tr\u00ean ph\u1ea1m vi to\u00e0n c\u1ea7u. Ch\u00fang t\u00f4i cam k\u1ebft ch\u1ecbu tr\u00e1ch nhi\u1ec7m b\u1ea3o v\u1ec7 th\u00f4ng tin c\u00e1 nh\u00e2n do c\u00f4ng ty tr\u1ef1c ti\u1ebfp qu\u1ea3n l\u00fd. Th\u00f4ng tin c\u00e1 [&hellip;]<\/p>\n","protected":false},"author":2,"featured_media":0,"parent":0,"menu_order":0,"comment_status":"closed","ping_status":"open","template":"","meta":{"_acf_changed":false,"_locale":"vi","_original_post":"https:\/\/www.sufextrading.com\/wp2025\/?page_id=3","footnotes":""},"class_list":["post-2106","page","type-page","status-publish","hentry","vi"],"acf":[],"aioseo_notices":[],"_links":{"self":[{"href":"https:\/\/www.sufextrading.com\/wp-json\/wp\/v2\/pages\/2106","targetHints":{"allow":["GET"]}}],"collection":[{"href":"https:\/\/www.sufextrading.com\/wp-json\/wp\/v2\/pages"}],"about":[{"href":"https:\/\/www.sufextrading.com\/wp-json\/wp\/v2\/types\/page"}],"author":[{"embeddable":true,"href":"https:\/\/www.sufextrading.com\/wp-json\/wp\/v2\/users\/2"}],"replies":[{"embeddable":true,"href":"https:\/\/www.sufextrading.com\/wp-json\/wp\/v2\/comments?post=2106"}],"version-history":[{"count":3,"href":"https:\/\/www.sufextrading.com\/wp-json\/wp\/v2\/pages\/2106\/revisions"}],"predecessor-version":[{"id":2423,"href":"https:\/\/www.sufextrading.com\/wp-json\/wp\/v2\/pages\/2106\/revisions\/2423"}],"wp:attachment":[{"href":"https:\/\/www.sufextrading.com\/wp-json\/wp\/v2\/media?parent=2106"}],"curies":[{"name":"wp","href":"https:\/\/api.w.org\/{rel}","templated":true}]}}