{"id":2352,"date":"2026-01-20T05:03:49","date_gmt":"2026-01-20T05:03:49","guid":{"rendered":"https:\/\/www.sufextrading.com\/?page_id=2352"},"modified":"2026-04-22T09:17:19","modified_gmt":"2026-04-22T09:17:19","slug":"service","status":"publish","type":"page","link":"https:\/\/www.sufextrading.com\/vi\/service\/","title":{"rendered":"Service"},"content":{"rendered":"<section class=\"clearfix\">\n<div class=\"inner\">\n<div class=\"sv_page\">\n<div class=\"title_u\">\n<h3>L\u0129nh v\u1ef1c ho\u1ea1t \u0111\u1ed9ng<\/h3>\n<\/div>\n<div class=\"sv_all\">\n<div class=\"sv_box\">\n<div id=\"sv_ttl01\" class=\"sv_ttl\">\n<p>D\u1ecbch v\u1ee5 t\u01b0 v\u1ea5n b\u1ea5t \u0111\u1ed9ng s\u1ea3n c\u00f4ng nghi\u1ec7p<\/p>\n<\/div>\n<div class=\"sv_flex\">\n<div class=\"sv_left\">\n<div class=\"sv_img\">\n<p><img decoding=\"async\" src=\"https:\/\/www.sufextrading.com\/wp-content\/themes\/sufext\/images\/service_img01a.jpg\" alt=\"D\u1ecbch v\u1ee5 t\u01b0 v\u1ea5n b\u1ea5t \u0111\u1ed9ng s\u1ea3n c\u00f4ng nghi\u1ec7p\" \/><\/p>\n<\/div>\n<div class=\"sv_img_desc\">\n<p>Ch\u00fang t\u00f4i cung c\u1ea5p cho kh\u00e1ch h\u00e0ng danh s\u00e1ch c\u00e1c d\u1ef1 \u00e1n ph\u00f9 h\u1ee3p lu\u00f4n \u0111\u01b0\u1ee3c c\u1eadp nh\u1eadt m\u1edbi nh\u1ea5t v\u00e0 c\u00f3 \u0111\u1ed9 bao qu\u00e1t cao, ph\u00f9 h\u1ee3p v\u1edbi nhu c\u1ea7u v\u1ec1 \u0111\u1ea5t d\u1ef1 \u00e1n v\u00e0 nh\u00e0 m\u00e1y c\u1ee7a qu\u00fd kh\u00e1ch.<br \/>\nV\u1edbi nh\u1eefng hi\u1ec3u bi\u1ebft s\u00e2u s\u1eafc v\u00e0 kinh nghi\u1ec7m th\u1ef1c ti\u1ec5n t\u00edch l\u0169y t\u1ea1i hi\u1ec7n tr\u01b0\u1eddng, ch\u00fang t\u00f4i h\u1ed7 tr\u1ee3 qu\u00e1 tr\u00ecnh ra quy\u1ebft \u0111\u1ecbnh c\u1ee7a b\u1ea1n trong su\u1ed1t qu\u00e1 tr\u00ecnh l\u1ef1a ch\u1ecdn \u0111\u1ecba \u0111i\u1ec3m.<\/p>\n<\/div>\n<\/div>\n<div class=\"sv_right\">\n<div class=\"sv_txt_th\">\n<p>Industrial Park business<\/p>\n<\/div>\n<div class=\"sv_section\">\n<div class=\"sv_ttl_small\">\n<p>D\u1ecbch v\u1ee5 m\u00f4i gi\u1edbi v\u00e0 t\u01b0 v\u1ea5n<\/p>\n<\/div>\n<div class=\"sv_ttl_list\">\n<ul>\n<li>\u2022 Gi\u1edbi thi\u1ec7u c\u00e1c khu c\u00f4ng nghi\u1ec7p tr\u00ean to\u00e0n Vi\u1ec7t Nam<\/li>\n<li>\u2022 Gi\u1edbi thi\u1ec7u nh\u00e0 x\u01b0\u1edfng\/kho b\u00e3i cho thu\u00ea<\/li>\n<li>\u2022 Cung c\u1ea5p th\u00f4ng tin v\u1ec1 t\u00ecnh tr\u1ea1ng s\u1eb5n c\u00f3 v\u00e0 th\u00f4ng tin ph\u00e1t tri\u1ec3n d\u1ef1 \u00e1n<\/li>\n<li>\u2022 S\u1eafp x\u1ebfp l\u1ecbch tr\u00ecnh, \u0111\u1ed3ng h\u00e0nh v\u00e0 h\u1ed7 tr\u1ee3 phi\u00ean d\u1ecbch trong su\u1ed1t qu\u00e1 tr\u00ecnh kh\u1ea3o s\u00e1t<\/li>\n<li>\u2022 \u0110\u00e1nh gi\u00e1 v\u00e0 h\u1ed7 tr\u1ee3 l\u1ef1a ch\u1ecdn \u0111\u1ecba \u0111i\u1ec3m ph\u00f9 h\u1ee3p<\/li>\n<li>\u2022 Gi\u1edbi thi\u1ec7u c\u00e1c nh\u00e0 cung c\u1ea5p d\u1ecbch v\u1ee5 ph\u00f9 h\u1ee3p (x\u00e2y d\u1ef1ng, k\u1ebf to\u00e1n, nh\u00e2n s\u1ef1, logistics, v.v.)<\/li>\n<\/ul>\n<\/div>\n<div class=\"sv_ttl_inbox\">\n<p>M\u1ecdi d\u1ecbch v\u1ee5 cung c\u1ea5p th\u00f4ng tin v\u00e0 h\u1ed7 tr\u1ee3 kh\u1ea3o s\u00e1t c\u1ee7a ch\u00fang t\u00f4i \u0111\u1ec1u ho\u00e0n to\u00e0n mi\u1ec5n ph\u00ed!<\/p>\n<\/div>\n<div class=\"sv_param\">\n<p>Sufex v\u1eadn h\u00e0nh theo m\u00f4 h\u00ecnh nh\u1eadn hoa h\u1ed3ng t\u1eeb c\u00e1c ch\u1ee7 \u0111\u1ea7u t\u01b0 khu c\u00f4ng nghi\u1ec7p ho\u1eb7c \u0111\u01a1n v\u1ecb cho thu\u00ea nh\u00e0 x\u01b0\u1edfng\/nh\u00e0 kho sau khi giao d\u1ecbch \u0111\u01b0\u1ee3c th\u1ef1c hi\u1ec7n th\u00e0nh c\u00f4ng.<\/p>\n<\/div>\n<\/div>\n<div class=\"sv_section\">\n<div class=\"sv_ttl_small\">\n<p>D\u1ecbch v\u1ee5 kh\u1ea3o s\u00e1t v\u00e0 t\u01b0 v\u1ea5n theo y\u00eau c\u1ea7u<\/p>\n<\/div>\n<div class=\"sv_ttl_list mb87\">\n<ul>\n<li>\u2022 Th\u1ea9m \u0111\u1ecbnh v\u00e0 \u0111\u00e1nh gi\u00e1 (d\u1ecbch v\u1ee5 tr\u1ea3 ph\u00ed)<\/li>\n<li>\u2022 Kh\u1ea3o s\u00e1t khu c\u00f4ng nghi\u1ec7p v\u00e0 c\u01a1 s\u1edf h\u1ea1 t\u1ea7ng<\/li>\n<li>\u2022 Kh\u1ea3o s\u00e1t chuy\u00ean s\u00e2u theo l\u0129nh v\u1ef1c c\u1ee5 th\u1ec3<\/li>\n<li>\u2022 Cung c\u1ea5p d\u1eef li\u1ec7u v\u1ec1 doanh nghi\u1ec7p m\u1edbi th\u00e0nh l\u1eadp<\/li>\n<\/ul>\n<\/div>\n<div class=\"sv_btn_more\">\n<p><a href=\"https:\/\/www.sufextrading.com\/industrial-park\/\">More<\/a><\/p>\n<\/div>\n<div class=\"sv_btn\">\n<p class=\"btn\"><a href=\"https:\/\/www.sufextrading.com\/contact\/\">Li\u00ean h\u1ec7<\/a><\/p>\n<\/div>\n<\/div>\n<\/div>\n<\/div>\n<\/div>\n<div class=\"sv_box\">\n<div id=\"sv_ttl02\" class=\"sv_ttl\">\n<p>D\u1ecbch v\u1ee5 truy\u1ec1n th\u00f4ng<\/p>\n<\/div>\n<div class=\"sv_flex\">\n<div class=\"sv_left\">\n<div class=\"sv_img\">\n<p><img decoding=\"async\" src=\"https:\/\/www.sufextrading.com\/wp-content\/themes\/sufext\/images\/service_img02.jpg\" alt=\"D\u1ecbch v\u1ee5 truy\u1ec1n th\u00f4ng\" \/><\/p>\n<\/div>\n<div class=\"sv_img_desc\">\n<p>Ch\u00fang t\u00f4i h\u1ed7 tr\u1ee3 c\u00e1c doanh nghi\u1ec7p \u0111\u1ea7u t\u01b0 v\u00e0o Vi\u1ec7t Nam th\u00f4ng qua t\u1ea1p ch\u00ed \u201cInvest Asia\u201d, website c\u1ee7a c\u00f4ng ty v\u00e0 c\u01a1 s\u1edf d\u1eef li\u1ec7u v\u1ec1 doanh nghi\u1ec7p Nh\u1eadt B\u1ea3n c\u0169ng nh\u01b0 doanh nghi\u1ec7p c\u00f3 v\u1ed1n \u0111\u1ea7u t\u01b0 n\u01b0\u1edbc ngo\u00e0i.<\/p>\n<\/div>\n<\/div>\n<div class=\"sv_right\">\n<div class=\"sv_txt_th\">\n<p>Media business<\/p>\n<\/div>\n<div class=\"sv_section mb_cus01\">\n<div class=\"sv_ttl_small\">\n<p>Xu\u1ea5t b\u1ea3n t\u1ea1p ch\u00ed Invest Asia &#8211; \u1ea5n ph\u1ea9m chuy\u00ean s\u00e2u v\u1ec1 khu c\u00f4ng nghi\u1ec7p t\u1ea1i Vi\u1ec7t Nam<\/p>\n<\/div>\n<div class=\"sv_ttl_list mb_am\">\n<ul>\n<li>Ph\u00e1t h\u00e0nh 2 k\u1ef3 m\u1ed7i n\u0103m v\u1edbi phi\u00ean b\u1ea3n ti\u1ebfng Nh\u1eadt v\u00e0 phi\u00ean b\u1ea3n Qu\u1ed1c t\u1ebf<\/li>\n<\/ul>\n<\/div>\n<div class=\"sv_invest\">\n<p><img decoding=\"async\" src=\"https:\/\/www.sufextrading.com\/wp-content\/themes\/sufext\/images\/service_invest.png\" alt=\"Xu\u1ea5t b\u1ea3n t\u1ea1p ch\u00ed Invest Asia - \u1ea5n ph\u1ea9m chuy\u00ean s\u00e2u v\u1ec1 khu c\u00f4ng nghi\u1ec7p t\u1ea1i Vi\u1ec7t Nam\" \/><\/p>\n<\/div>\n<\/div>\n<div class=\"sv_section mb_cus03\">\n<div class=\"sv_ttl_small mb_cus02\">\n<p>S\u1ea3n xu\u1ea5t n\u1ed9i dung cho doanh nghi\u1ec7p<\/p>\n<\/div>\n<div class=\"sv_ttl_list has_cur\">\n<ul>\n<li>\u30fbD\u1ecbch v\u1ee5 g\u1eedi b\u1ea3n tin \u0111i\u1ec7n t\u1eed<\/li>\n<li>\u30fbThi\u1ebft k\u1ebf v\u00e0 s\u1ea3n xu\u1ea5t qu\u1ea3ng c\u00e1o, brochure doanh nghi\u1ec7p<\/li>\n<li>\u30fbThi\u1ebft k\u1ebf v\u00e0 s\u1ea3n xu\u1ea5t <br class=\"pc\" \/>trang WEB<\/li>\n<\/ul>\n<\/div>\n<\/div>\n<div class=\"sv_section mb_cus04\">\n<div class=\"sv_ttl_small mb_cus02\">\n<p>L\u00ean k\u1ebf ho\u1ea1ch v\u00e0 t\u1ed5 ch\u1ee9c h\u1ed9i th\u1ea3o v\u1ec1 t\u00ecnh h\u00ecnh \u0111\u1ea7u t\u01b0 t\u1ea1i Vi\u1ec7t Nam<\/p>\n<\/div>\n<div class=\"sv_ttl_list\">\n<ul class=\"mb15\">\n<li>\u30fbC\u1eadp nh\u1eadt t\u00ecnh h\u00ecnh m\u1edbi nh\u1ea5t c\u1ee7a Vi\u1ec7t Nam theo t\u1eebng l\u0129nh v\u1ef1c ng\u00e0nh ngh\u1ec1.<\/li>\n<li>\u30fbH\u1ed9i th\u1ea3o v\u1ec1 c\u00e1c khu c\u00f4ng nghi\u1ec7p \u1edf Vi\u1ec7t Nam.<\/li>\n<li>\u30fbT\u1ed5 ch\u1ee9c \u0111\u1ecbnh k\u1ef3 m\u1ed7i n\u0103m t\u1ea1i Tokyo v\u1edbi hai h\u00ecnh th\u1ee9c th\u1ee9c online v\u00e0 offline<\/li>\n<\/ul>\n<p class=\"txt_small\">(M\u1ed7i n\u0103m c\u00f3 kho\u1ea3ng 18 doanh nghi\u1ec7p tham gia tr\u00ecnh b\u00e0y v\u00e0 kho\u1ea3ng 500 l\u01b0\u1ee3t \u0111\u0103ng k\u00fd tham d\u1ef1 )<\/p>\n<\/div>\n<\/div>\n<div class=\"sv_section\">\n<div class=\"sv_btn_more none\">\n<p><a href=\"#\">More<\/a><\/p>\n<\/div>\n<div class=\"sv_btn ds_cus06\">\n<p class=\"btn\"><a href=\"https:\/\/www.sufextrading.com\/contact\/\">Li\u00ean h\u1ec7<\/a><\/p>\n<\/div>\n<\/div>\n<\/div>\n<\/div>\n<\/div>\n<div class=\"sv_box\">\n<div id=\"sv_ttl03\" class=\"sv_ttl\">\n<p>D\u1ecbch v\u1ee5 cho thu\u00ea xe<\/p>\n<\/div>\n<div class=\"sv_flex\">\n<div class=\"sv_left\">\n<div class=\"sv_img\">\n<p><img decoding=\"async\" src=\"https:\/\/www.sufextrading.com\/wp-content\/themes\/sufext\/images\/service_img03.jpg\" alt=\"D\u1ecbch v\u1ee5 cho thu\u00ea xe\" \/><\/p>\n<\/div>\n<div class=\"sv_img_desc\">\n<p>D\u1ecbch v\u1ee5 thu\u00ea xe c\u00f3 t\u00e0i x\u1ebf c\u1ee7a ch\u00fang t\u00f4i \u0111\u01b0\u1ee3c cung c\u1ea5p v\u1edbi c\u00e1c g\u00f3i linh ho\u1ea1t nh\u01b0 thu\u00ea theo th\u00e1ng (h\u1ee3p \u0111\u1ed3ng n\u0103m), s\u1eed d\u1ee5ng theo chuy\u1ebfn, \u0111\u01b0a \u0111\u00f3n s\u00e2n bay, s\u1eafp x\u1ebfp kh\u00e1ch s\u1ea1n t\u1ea1i n\u01a1i l\u01b0u tr\u00fa, v.v., \u0111\u00e1p \u1ee9ng theo t\u1eebng nhu c\u1ea7u c\u1ee7a kh\u00e1ch h\u00e0ng.<\/p>\n<p>Ch\u00fang t\u00f4i c\u00f3 nh\u00e2n vi\u00ean ng\u01b0\u1eddi Nh\u1eadt tr\u1ef1c ti\u1ebfp h\u1ed7 tr\u1ee3 th\u00f4ng tin li\u00ean quan \u0111\u1ebfn d\u1ecbch v\u1ee5 thu\u00ea xe, \u0111\u1ea3m b\u1ea3o kh\u00e1ch h\u00e0ng lu\u00f4n an t\u00e2m trong qu\u00e1 tr\u00ecnh s\u1eed d\u1ee5ng d\u1ecbch v\u1ee5.<\/p>\n<\/div>\n<\/div>\n<div class=\"sv_right\">\n<div class=\"sv_txt_th\">\n<p>Car-rental Service<\/p>\n<\/div>\n<div class=\"sv_car01\">\n<p><img decoding=\"async\" src=\"https:\/\/www.sufextrading.com\/wp-content\/themes\/sufext\/images\/service_img08.png\" alt=\"D\u1ecbch v\u1ee5 cho thu\u00ea xe\" \/><\/p>\n<\/div>\n<div class=\"sv_ttl_list fs_cus01\">\n<ul>\n<li>H\u1ed7 tr\u1ee3 ti\u1ebfng nh\u1eadt nhanh ch\u00f3ng, hi\u1ec7u qu\u1ea3<\/li>\n<li>Cung c\u1ea5p d\u1ecbch v\u1ee5 chuy\u00ean nghi\u1ec7p v\u1edbi quy tr\u00ecnh qu\u1ea3n l\u00fd chu\u1ea9n Nh\u1eadt B\u1ea3n<\/li>\n<\/ul>\n<\/div>\n<div class=\"sv_param fs_cus02\">\n<p>D\u1ecbch v\u1ee5 cho thu\u00ea xe k\u00e8m t\u00e0i x\u1ebf uy t\u00edn v\u00e0 chuy\u00ean nghi\u1ec7p v\u1edbi h\u01a1n 12 n\u0103m kinh nghi\u1ec7m t\u1ea1i Vi\u1ec7t Nam<\/p>\n<\/div>\n<div class=\"sv_car02\">\n<p><img decoding=\"async\" src=\"https:\/\/www.sufextrading.com\/wp-content\/themes\/sufext\/images\/service_img09.png\" alt=\"D\u1ecbch v\u1ee5 cho thu\u00ea xe\" \/><\/p>\n<\/div>\n<div class=\"sv_ttl_inbox ds_cus01\">\n<p>D\u1ecbch v\u1ee5 cho thu\u00ea xe ng\u1eafn h\u1ea1n (Theo ng\u00e0y)<\/p>\n<\/div>\n<div class=\"sv_param ds_cus02\">\n<p>Ch\u00fang t\u00f4i c\u0169ng cung c\u1ea5p d\u1ecbch v\u1ee5 \u0111\u01b0a \u0111\u00f3n theo ng\u00e0y c\u00f3 k\u1ebft n\u1ed1i internet tr\u00ean xe, ph\u00f9 h\u1ee3p cho c\u00e1c chuy\u1ebfn c\u00f4ng t\u00e1c d\u00e0i ng\u00e0y trong v\u00e0 xung quanh khu v\u1ef1c TP. H\u1ed3 Ch\u00ed Minh v\u00e0 H\u00e0 N\u1ed9i, c\u0169ng nh\u01b0 c\u00e1c chuy\u1ebfn kh\u1ea3o s\u00e1t t\u1ea1i khu c\u00f4ng nghi\u1ec7p.<\/p>\n<\/div>\n<div class=\"sv_ttl_inbox ds_cus03\">\n<p>D\u1ecbch v\u1ee5 cho thu\u00ea xe d\u00e0i h\u1ea1n ( \u0110\u1ecbnh k\u1ef3 h\u00e0ng th\u00e1ng)<\/p>\n<\/div>\n<div class=\"sv_param ds_cus04\">\n<p>G\u00f3i d\u1ecbch v\u1ee5 ti\u1ebft ki\u1ec7m h\u01a1n so v\u1edbi thu\u00ea theo ng\u00e0y, ph\u00f9 h\u1ee3p cho c\u00e1c chuy\u1ebfn c\u00f4ng t\u00e1c d\u00e0i h\u1ea1n ho\u1eb7c nhu c\u1ea7u di chuy\u1ec3n h\u1eb1ng ng\u00e0y khi l\u00e0m vi\u1ec7c ho\u1eb7c l\u01b0u tr\u00fa t\u1ea1i TP. H\u1ed3 Ch\u00ed Minh ho\u1eb7c TP. H\u00e0 N\u1ed9i<\/p>\n<\/div>\n<div class=\"sv_box_check\">\n<p>T\u1ea5t c\u1ea3 g\u00f3i d\u1ecbch v\u1ee5 \u0111\u1ec1u bao g\u1ed3m b\u1ea3o hi\u1ec3m h\u00e0nh kh\u00e1ch v\u00e0 h\u1ed7 tr\u1ee3 y t\u1ebf ti\u00eau chu\u1ea9n<\/p>\n<\/div>\n<div class=\"sv_btn_more ds_cus05\">\n<p><a href=\"https:\/\/www.sufextrading.com\/rental-car\/\">More<\/a><\/p>\n<\/div>\n<div class=\"sv_btn ds_cus06\">\n<p class=\"btn\"><a href=\"https:\/\/www.sufextrading.com\/contact\/\">Li\u00ean h\u1ec7<\/a><\/p>\n<\/div>\n<\/div>\n<\/div>\n<\/div>\n<\/div>\n<\/div>\n<\/div>\n<\/section>\n","protected":false},"excerpt":{"rendered":"<p>L\u0129nh v\u1ef1c ho\u1ea1t \u0111\u1ed9ng D\u1ecbch v\u1ee5 t\u01b0 v\u1ea5n b\u1ea5t \u0111\u1ed9ng s\u1ea3n c\u00f4ng nghi\u1ec7p Ch\u00fang t\u00f4i cung c\u1ea5p cho kh\u00e1ch h\u00e0ng danh s\u00e1ch c\u00e1c d\u1ef1 \u00e1n ph\u00f9 h\u1ee3p lu\u00f4n \u0111\u01b0\u1ee3c c\u1eadp nh\u1eadt m\u1edbi nh\u1ea5t v\u00e0 c\u00f3 \u0111\u1ed9 bao qu\u00e1t cao, ph\u00f9 h\u1ee3p v\u1edbi nhu c\u1ea7u v\u1ec1 \u0111\u1ea5t d\u1ef1 \u00e1n v\u00e0 nh\u00e0 m\u00e1y c\u1ee7a qu\u00fd kh\u00e1ch. V\u1edbi [&hellip;]<\/p>\n","protected":false},"author":2,"featured_media":0,"parent":0,"menu_order":0,"comment_status":"closed","ping_status":"closed","template":"","meta":{"_acf_changed":false,"_locale":"vi","_original_post":"https:\/\/www.sufextrading.com\/wp2025\/?page_id=20","footnotes":""},"class_list":["post-2352","page","type-page","status-publish","hentry","vi"],"acf":[],"aioseo_notices":[],"_links":{"self":[{"href":"https:\/\/www.sufextrading.com\/wp-json\/wp\/v2\/pages\/2352","targetHints":{"allow":["GET"]}}],"collection":[{"href":"https:\/\/www.sufextrading.com\/wp-json\/wp\/v2\/pages"}],"about":[{"href":"https:\/\/www.sufextrading.com\/wp-json\/wp\/v2\/types\/page"}],"author":[{"embeddable":true,"href":"https:\/\/www.sufextrading.com\/wp-json\/wp\/v2\/users\/2"}],"replies":[{"embeddable":true,"href":"https:\/\/www.sufextrading.com\/wp-json\/wp\/v2\/comments?post=2352"}],"version-history":[{"count":3,"href":"https:\/\/www.sufextrading.com\/wp-json\/wp\/v2\/pages\/2352\/revisions"}],"predecessor-version":[{"id":2419,"href":"https:\/\/www.sufextrading.com\/wp-json\/wp\/v2\/pages\/2352\/revisions\/2419"}],"wp:attachment":[{"href":"https:\/\/www.sufextrading.com\/wp-json\/wp\/v2\/media?parent=2352"}],"curies":[{"name":"wp","href":"https:\/\/api.w.org\/{rel}","templated":true}]}}