{"id":2356,"date":"2026-01-20T05:08:11","date_gmt":"2026-01-20T05:08:11","guid":{"rendered":"https:\/\/www.sufextrading.com\/?page_id=2356"},"modified":"2026-04-24T03:43:01","modified_gmt":"2026-04-24T03:43:01","slug":"media","status":"publish","type":"page","link":"https:\/\/www.sufextrading.com\/vi\/media\/","title":{"rendered":"\u30e1\u30c7\u30a3\u30a2\uff0fINVESTASIA"},"content":{"rendered":"<div class=\"inner media_page\">\n<section class=\"clearfix\">\n<div class=\"title_u\">\n<h3>Truy\u1ec1n th\u00f4ng \/ INVEST ASIA<\/h3>\n<\/div>\n<\/section>\n<div class=\"u_inner clearfix\">\n<div class=\"industrial_flex\">\n<div class=\"industrial_left\">\n<section>\n<h4>N\u1eafm b\u1eaft t\u00ecnh h\u00ecnh kinh t\u1ebf Vi\u1ec7t Nam hi\u1ec7n nay<br \/>\nC\u1ea9m nang Khu C\u00f4ng Nghi\u1ec7p &amp; Kinh Doanh \u2013 \u1ea4n ph\u1ea9m INVEST ASIA<\/h4>\n<p class=\"mb50\"><img decoding=\"async\" src=\"https:\/\/www.sufextrading.com\/wp-content\/uploads\/2026\/03\/IVA21_PR-for-VIETJO_16Mar2026.jpg\" alt=\"Hi\u1ec3u v\u1ec1 t\u00ecnh h\u00ecnh kinh t\u1ebf hi\u1ec7n nay c\u1ee7a Vi\u1ec7t Nam C\u1ea9m nang Khu C\u00f4ng Nghi\u1ec7p &amp; Kinh Doanh \u2013 \u1ea4n ph\u1ea9m INVEST ASIA\" \/><\/p>\n<h5>B\u1ea3n ti\u1ebfng Nh\u1eadt \/ B\u1ea3n qu\u1ed1c t\u1ebf (ti\u1ebfng Anh)<br \/>\nPh\u00e1t h\u00e0nh 2 l\u1ea7n\/n\u0103m (th\u00e1ng 3 v\u00e0 th\u00e1ng 9)<\/h5>\n<ul class=\"list_circle\">\n<li>M\u1ed7i phi\u00ean b\u1ea3n \u0111\u01b0\u1ee3c ph\u00e1t h\u00e0nh 20.000 cu\u1ed1n \u2015 60% \u0111\u01b0\u1ee3c g\u1eedi sang Nh\u1eadt <span class=\"small\">\uff0aPh\u00e2n ph\u1ed1i \u0111\u1ebfn c\u00e1c t\u1ed5 ch\u1ee9c t\u00e0i ch\u00ednh, c\u01a1 quan c\u00f4ng quy\u1ec1n v\u00e0 c\u00e1c doanh nghi\u1ec7p \u0111ang xem x\u00e9t \u0111\u1ea7u t\u01b0 tr\u00ean to\u00e0n qu\u1ed1c<\/span><\/li>\n<li>L\u1ed9 tr\u00ecnh chi ti\u1ebft c\u00e1c b\u01b0\u1edbc khi \u0111\u1ea7u t\u01b0 v\u00e0o th\u1ecb tr\u01b0\u1eddng Vi\u1ec7t Nam<\/li>\n<li>B\u00e0i ph\u1ecfng v\u1ea5n v\u1edbi c\u00e1c doanh nghi\u1ec7p m\u1edbi \u0111\u1ea7u t\u01b0 t\u1ea1i th\u1ecb tr\u01b0\u1eddng Vi\u1ec7t Nam v\u00e0 c\u00e1c chuy\u00ean gia trong ng\u00e0nh<\/li>\n<li>\u0110\u0103ng t\u1ea3i th\u00f4ng tin v\u1ec1 c\u00e1c khu c\u00f4ng nghi\u1ec7p tr\u00ean to\u00e0n Vi\u1ec7t Nam.<\/li>\n<\/ul>\n<div class=\"btn flex_right\">\n<div class=\"btn org\"><a href=\"https:\/\/www.sufextrading.com\/contact\/\">Li\u00ean h\u1ec7 v\u1ec1 vi\u1ec7c \u0111\u0103ng qu\u1ea3ng c\u00e1o<\/a><\/div>\n<\/div>\n<\/section>\n<section>\n<p class=\"ttl_frame\">S\u1ea3n xu\u1ea5t n\u1ed9i dung cho doanh nghi\u1ec7p<\/p>\n<h4>D\u1ecbch v\u1ee5 l\u1eadp k\u1ebf ho\u1ea1ch v\u00e0 ph\u00e1t h\u00e0nh b\u1ea3n tin email ( newsletter)<\/h4>\n<p class=\"mb50\"><img decoding=\"async\" src=\"https:\/\/www.sufextrading.com\/wp-content\/themes\/sufext\/images\/media_img02.png\" alt=\"D\u1ecbch v\u1ee5 l\u00ean k\u1ebf ho\u1ea1ch v\u00e0 ph\u00e1t h\u00e0nh newsletter\" \/><\/p>\n<h5>Ti\u1ebfp c\u1eadn tr\u1ef1c ti\u1ebfp c\u00e1c doanh nh\u00e2n quan t\u00e2m \u0111\u1ebfn\u00a0 th\u1ecb tr\u01b0\u1eddng Vi\u1ec7t Nam<\/h5>\n<ul class=\"list_circle\">\n<li>Kho\u1ea3ng 6.000 t\u00e0i kho\u1ea3n doanh nghi\u1ec7p ng\u01b0\u1eddi Nh\u1eadt<\/li>\n<li>Kho\u1ea3ng 8.700 t\u00e0i kho\u1ea3n doanh nghi\u1ec7p ng\u01b0\u1eddi n\u01b0\u1edbc ngo\u00e0i<\/li>\n<li>T\u1ef7 l\u1ec7 m\u1edf trung b\u00ecnh: 25\u201345%<\/li>\n<\/ul>\n<\/section>\n<section>\n<h4>L\u00ean k\u1ebf ho\u1ea1ch &amp; t\u1ed5 ch\u1ee9c h\u1ed9i th\u1ea3o<\/h4>\n<p class=\"mb50\"><img decoding=\"async\" src=\"https:\/\/www.sufextrading.com\/wp-content\/themes\/sufext\/images\/media_img03.png\" alt=\"L\u00ean k\u1ebf ho\u1ea1ch &amp; t\u1ed5 ch\u1ee9c h\u1ed9i th\u1ea3o\" \/><\/p>\n<h5>Ch\u00fang t\u00f4i h\u1ed7 tr\u1ee3 t\u1eeb vi\u1ec7c t\u1ed5 ch\u1ee9c c\u00e1c h\u1ed9i th\u1ea3o v\u1ec1 \u0111\u1ea7u t\u01b0 v\u00e0o Vi\u1ec7t Nam t\u1ea1i Nh\u1eadt B\u1ea3n \u0111\u1ebfn ho\u1ea1t \u0111\u1ed9ng thu h\u00fat kh\u00e1ch h\u00e0ng t\u1ea1i th\u1ecb tr\u01b0\u1eddng Vi\u1ec7t Nam.<\/h5>\n<ul class=\"list_circle\">\n<li>H\u1ed9i th\u1ea3o chuy\u00ean \u0111\u1ec1 v\u1ec1 t\u00ecnh h\u00ecnh \u0111\u1ea7u t\u01b0 v\u00e0o Vi\u1ec7t Nam theo t\u1eebng l\u0129nh v\u1ef1c ng\u00e0nh ngh\u1ec1<\/li>\n<li>H\u1ed9i th\u1ea3o v\u1ec1 t\u1ef1 \u0111\u1ed9ng h\u00f3a v\u00e0 gi\u1ea3m lao \u0111\u1ed9ng th\u1ee7 c\u00f4ng v.v<\/li>\n<\/ul>\n<\/section>\n<section>\n<h4>H\u1ed7 tr\u1ee3 Marketing B-to-B<\/h4>\n<p class=\"mb50\"><img decoding=\"async\" src=\"https:\/\/www.sufextrading.com\/wp-content\/themes\/sufext\/images\/media_img04_fix01.jpg\" alt=\"H\u1ed7 tr\u1ee3 Marketing B-to-B\" \/><\/p>\n<h5>H\u1ed7 tr\u1ee3 to\u00e0n di\u1ec7n t\u1eeb l\u00ean \u00fd t\u01b0\u1edfng, s\u1ea3n xu\u1ea5t \u0111\u1ebfn khi b\u00e0n giao<\/h5>\n<ul class=\"list_circle\">\n<li>L\u00ean k\u1ebf ho\u1ea1ch v\u00e0 s\u1ea3n xu\u1ea5t qu\u1ea3ng c\u00e1o doanh nghi\u1ec7p, gian h\u00e0ng tri\u1ec3n l\u00e3m, ch\u01b0\u01a1ng tr\u00ecnh qu\u1ea3ng b\u00e1 s\u1ea3n ph\u1ea9m m\u1edbi, v.v.<\/li>\n<li>L\u00ean k\u1ebf ho\u1ea1ch v\u00e0 s\u1ea3n xu\u1ea5t c\u00e1c lo\u1ea1i brochure, t\u1edd r\u01a1i s\u1ea3n ph\u1ea9m, danh thi\u1ebfp, qu\u00e0 t\u1eb7ng qu\u1ea3ng c\u00e1o, v.v.<\/li>\n<li>L\u00ean k\u1ebf ho\u1ea1ch v\u00e0 s\u1ea3n xu\u1ea5t website v\u00e0 trang \u0111\u00edch (landing page) cho c\u00e1c doanh nghi\u1ec7p<\/li>\n<li>L\u00ean k\u1ebf ho\u1ea1ch v\u00e0 s\u1ea3n xu\u1ea5t video gi\u1edbi thi\u1ec7u doanh nghi\u1ec7p<\/li>\n<\/ul>\n<\/section>\n<section>\n<h4>D\u1ecbch v\u1ee5 cung c\u1ea5p d\u1eef li\u1ec7u doanh nghi\u1ec7p<\/h4>\n<h5>C\u01a1 s\u1edf d\u1eef li\u1ec7u g\u1ed1c do c\u00f4ng ty ch\u00fang t\u00f4i nghi\u00ean c\u1ee9u<\/h5>\n<ul class=\"list_circle\">\n<li>Cung c\u1ea5p d\u1eef li\u1ec7u v\u1ec1 doanh nghi\u1ec7p m\u1edbi th\u00e0nh nghi\u1ec7p<\/li>\n<li>Cung c\u1ea5p d\u1eef li\u1ec7u c\u00e1c doanh nghi\u1ec7p s\u1ea3n xu\u1ea5t Nh\u1eadt B\u1ea3n trong c\u00e1c khu c\u00f4ng nghi\u1ec7p<\/li>\n<\/ul>\n<div class=\"btn flex_right\">\n<div class=\"btn org\"><a href=\"https:\/\/www.sufextrading.com\/contact\/\">Li\u00ean h\u1ec7<\/a><\/div>\n<\/div>\n<\/section>\n<\/div>\n<div class=\"industrial_right\">\n<div class=\"media_list\">\n<div class=\"media_row\">\n<div class=\"media_box\">\n<div class=\"media_sub_ttl\">\n<p>\u1ea4n ph\u1ea9m K\u1ef7 ni\u1ec7m 10 n\u0103m Invest Asia<br \/>\nXem e-book mi\u1ec5n ph\u00ed t\u1ea1i \u0111\u00e2y<\/p>\n<\/div>\n<div class=\"media_sub_preview\">\n<p><a href=\"https:\/\/sufextrading.com\/media\/investasiavol21\/en\/\" target=\"_blank\" rel=\"noopener\"><img loading=\"lazy\" decoding=\"async\" class=\"alignnone\" src=\"https:\/\/www.sufextrading.com\/wp-content\/themes\/sufext\/images\/sec05_img02_fix01.jpg\" alt=\"\u1ea4n ph\u1ea9m K\u1ef7 ni\u1ec7m 10 n\u0103m Invest Asia Xem e-book mi\u1ec5n ph\u00ed t\u1ea1i \u0111\u00e2y\" width=\"225\" height=\"24\" \/><\/a><\/p>\n<\/div>\n<\/div>\n<\/div>\n<div class=\"media_row\">\n<div class=\"media_box\">\n<div class=\"media_sub_ttl\">\n<p>C\u1ea9m nang v\u1ec1 T\u1ef1 \u0111\u1ed9ng h\u00f3a &amp; <br class=\"\" \/>Gi\u1ea3m lao \u0111\u1ed9ng th\u1ee7 c\u00f4ng<br \/>\nXem e-book mi\u1ec5n ph\u00ed t\u1ea1i \u0111\u00e2y<\/p>\n<\/div>\n<div class=\"media_sub_preview\">\n<p><a href=\"https:\/\/vietrytest.xsrv.jp\/sufext\/media\/investasiavol20\/hr\" target=\"_blank\" rel=\"noopener\"><img loading=\"lazy\" decoding=\"async\" class=\"alignnone\" src=\"https:\/\/www.sufextrading.com\/wp-content\/themes\/sufext\/images\/sec05_img03_fix01.jpg\" alt=\"C\u1ea9m nang v\u1ec1 T\u1ef1 \u0111\u1ed9ng h\u00f3a &amp; Gi\u1ea3m lao \u0111\u1ed9ng th\u1ee7 c\u00f4ng Xem e-book mi\u1ec5n ph\u00ed t\u1ea1i \u0111\u00e2y\" width=\"225\" height=\"24\" \/><\/a><\/p>\n<\/div>\n<\/div>\n<\/div>\n<div class=\"media_row\">\n<div class=\"media_box\">\n<div class=\"media_sub_ttl\">\n<p>B\u1ea3n qu\u1ed1c t\u1ebf Invest Asia<br \/>\nXem e-book mi\u1ec5n ph\u00ed t\u1ea1i \u0111\u00e2y<\/p>\n<\/div>\n<div class=\"media_sub_preview\">\n<p><a href=\"https:\/\/vietrytest.xsrv.jp\/sufext\/media\/investasiavol20\/en\/\" target=\"_blank\" rel=\"noopener\"><img loading=\"lazy\" decoding=\"async\" class=\"alignnone\" src=\"https:\/\/www.sufextrading.com\/wp-content\/themes\/sufext\/images\/media_img05.jpg\" alt=\"B\u1ea3n qu\u1ed1c t\u1ebf Invest Asia Xem e-book mi\u1ec5n ph\u00ed t\u1ea1i \u0111\u00e2y\" width=\"225\" height=\"24\" \/><\/a><\/p>\n<\/div>\n<\/div>\n<\/div>\n<\/div>\n<\/div>\n<\/div>\n<\/div>\n<\/div>\n","protected":false},"excerpt":{"rendered":"<p>Truy\u1ec1n th\u00f4ng \/ INVEST ASIA N\u1eafm b\u1eaft t\u00ecnh h\u00ecnh kinh t\u1ebf Vi\u1ec7t Nam hi\u1ec7n nay C\u1ea9m nang Khu C\u00f4ng Nghi\u1ec7p &amp; Kinh Doanh \u2013 \u1ea4n ph\u1ea9m INVEST ASIA B\u1ea3n ti\u1ebfng Nh\u1eadt \/ B\u1ea3n qu\u1ed1c t\u1ebf (ti\u1ebfng Anh) Ph\u00e1t h\u00e0nh 2 l\u1ea7n\/n\u0103m (th\u00e1ng 3 v\u00e0 th\u00e1ng 9) M\u1ed7i phi\u00ean b\u1ea3n \u0111\u01b0\u1ee3c ph\u00e1t h\u00e0nh 20.000 cu\u1ed1n \u2015 [&hellip;]<\/p>\n","protected":false},"author":2,"featured_media":0,"parent":0,"menu_order":0,"comment_status":"closed","ping_status":"closed","template":"","meta":{"_acf_changed":false,"_locale":"vi","_original_post":"https:\/\/www.sufextrading.com\/wp2025\/?page_id=1886","footnotes":""},"class_list":["post-2356","page","type-page","status-publish","hentry","vi"],"acf":[],"aioseo_notices":[],"_links":{"self":[{"href":"https:\/\/www.sufextrading.com\/wp-json\/wp\/v2\/pages\/2356","targetHints":{"allow":["GET"]}}],"collection":[{"href":"https:\/\/www.sufextrading.com\/wp-json\/wp\/v2\/pages"}],"about":[{"href":"https:\/\/www.sufextrading.com\/wp-json\/wp\/v2\/types\/page"}],"author":[{"embeddable":true,"href":"https:\/\/www.sufextrading.com\/wp-json\/wp\/v2\/users\/2"}],"replies":[{"embeddable":true,"href":"https:\/\/www.sufextrading.com\/wp-json\/wp\/v2\/comments?post=2356"}],"version-history":[{"count":4,"href":"https:\/\/www.sufextrading.com\/wp-json\/wp\/v2\/pages\/2356\/revisions"}],"predecessor-version":[{"id":2398,"href":"https:\/\/www.sufextrading.com\/wp-json\/wp\/v2\/pages\/2356\/revisions\/2398"}],"wp:attachment":[{"href":"https:\/\/www.sufextrading.com\/wp-json\/wp\/v2\/media?parent=2356"}],"curies":[{"name":"wp","href":"https:\/\/api.w.org\/{rel}","templated":true}]}}